{"id":9440,"date":"2012-05-20T16:33:45","date_gmt":"2012-05-20T14:33:45","guid":{"rendered":"https:\/\/www.b-quadrat.at\/about-b-square\/our-team\/sabrina-immler\/"},"modified":"2025-05-27T17:10:36","modified_gmt":"2025-05-27T15:10:36","slug":"sabrina-immler","status":"publish","type":"page","link":"https:\/\/www.b-quadrat.at\/en\/about-b-quadrat\/our-team\/sabrina-immler\/","title":{"rendered":"Sabrina Immler"},"content":{"rendered":"[vc_row][vc_column][vc_column_text]\n&#13;\n<figure class=\"wp-block-image size-large is-resized\"><a href=\"https:\/\/www.b-quadrat.at\/wp-content\/uploads\/2021\/08\/Sabrina_Portrait_freigestellt-1024x683.png\" rel=\"wp-prettyPhoto[9440]\"><img loading=\"lazy\" decoding=\"async\" class=\"wp-image-5994 aligncenter\" src=\"https:\/\/www.b-quadrat.at\/wp-content\/uploads\/2021\/08\/Sabrina_Portrait_freigestellt-1024x683.png\" alt=\"\" width=\"500\" height=\"333\" srcset=\"https:\/\/www.b-quadrat.at\/wp-content\/uploads\/2021\/08\/Sabrina_Portrait_freigestellt-1024x683.png 1024w, https:\/\/www.b-quadrat.at\/wp-content\/uploads\/2021\/08\/Sabrina_Portrait_freigestellt-300x200.png 300w, https:\/\/www.b-quadrat.at\/wp-content\/uploads\/2021\/08\/Sabrina_Portrait_freigestellt-768x512.png 768w, https:\/\/www.b-quadrat.at\/wp-content\/uploads\/2021\/08\/Sabrina_Portrait_freigestellt-1536x1024.png 1536w, https:\/\/www.b-quadrat.at\/wp-content\/uploads\/2021\/08\/Sabrina_Portrait_freigestellt-2048x1365.png 2048w, https:\/\/www.b-quadrat.at\/wp-content\/uploads\/2021\/08\/Sabrina_Portrait_freigestellt-600x400.png 600w\" sizes=\"auto, (max-width: 500px) 100vw, 500px\" \/><\/a><\/figure>&#13;\n<p style=\"text-align: center;\"><span style=\"color: #008ae6; font-size: 14pt;\"><strong><span style=\"font-family: verdana, geneva;\">Sabrina Immler<\/span><\/strong><\/span><br \/><span style=\"font-family: verdana, geneva; font-size: 12pt;\">Certified insurance saleswoman<\/span><\/p>\n<p style=\"text-align: center;\"><span style=\"font-size: 12pt;\"><span style=\"font-family: verdana, geneva;\"><strong>Tasks:<\/strong><br \/><\/span><span style=\"font-family: verdana, geneva;\">Processing<br \/>Customer advice<br \/>Claims processing<\/span><\/span><\/p>\n<p style=\"text-align: center;\"><span style=\"font-size: 12pt;\"><strong><span style=\"font-family: verdana, geneva;\">Contact:<\/span><\/strong><\/span><br \/><span style=\"font-family: verdana, geneva; font-size: 12pt;\">Tel: <a href=\"tel:0043557239877013\">+43 5572 398770-13<\/a><\/span><br \/><span style=\"font-family: verdana, geneva; font-size: 12pt;\">E-Mail: <a href=\"mailto:s.immler@b-quadrat.at\" target=\"_blank\" rel=\"noopener\">s.immler@b-quadrat.at<\/a><\/span><\/p>\n[\/vc_column_text][\/vc_column][\/vc_row]\n","protected":false},"excerpt":{"rendered":"<p>[vc_row][vc_column][vc_column_text] Sabrina ImmlerCertified insurance saleswoman Tasks:ProcessingCustomer adviceClaims processing Contact:Tel: +43 5572 398770-13E-Mail: s.immler@b-quadrat.at [\/vc_column_text][\/vc_column][\/vc_row]<\/p>\n","protected":false},"author":2,"featured_media":0,"parent":9312,"menu_order":0,"comment_status":"open","ping_status":"open","template":"page-PageTemplate2.php","meta":{"_monsterinsights_skip_tracking":false,"_monsterinsights_sitenote_active":false,"_monsterinsights_sitenote_note":"","_monsterinsights_sitenote_category":0,"footnotes":"","_links_to":"","_links_to_target":""},"class_list":["post-9440","page","type-page","status-publish","hentry"],"yoast_head":"<!-- This site is optimized with the Yoast SEO Premium plugin v26.4 (Yoast SEO v27.4) - https:\/\/yoast.com\/product\/yoast-seo-premium-wordpress\/ -->\n<title>Sabrina Immler - B-Quadrat Finanzberatungs GmbH<\/title>\n<meta name=\"description\" content=\"Contact details of Sabrina Immler | Valued employee of the insurance broker, cross-border commuter expert and credit broker B-Quadrat\" \/>\n<meta name=\"robots\" content=\"index, follow, max-snippet:-1, max-image-preview:large, max-video-preview:-1\" \/>\n<link rel=\"canonical\" href=\"https:\/\/www.b-quadrat.at\/en\/about-b-quadrat\/our-team\/sabrina-immler\/\" \/>\n<meta property=\"og:locale\" content=\"en_US\" \/>\n<meta property=\"og:type\" content=\"article\" \/>\n<meta property=\"og:title\" content=\"Sabrina Immler\" \/>\n<meta property=\"og:description\" content=\"Contact details of Sabrina Immler | Valued employee of the insurance broker, cross-border commuter expert and credit broker B-Quadrat\" \/>\n<meta property=\"og:url\" content=\"https:\/\/www.b-quadrat.at\/en\/about-b-quadrat\/our-team\/sabrina-immler\/\" \/>\n<meta property=\"og:site_name\" content=\"B-Quadrat | Versicherungsmakler. Grenzg\u00e4ngerexperte. Kreditmakler.\" \/>\n<meta property=\"article:publisher\" content=\"https:\/\/www.facebook.com\/BQuadratFinanzberatung\/\" \/>\n<meta property=\"article:modified_time\" content=\"2025-05-27T15:10:36+00:00\" \/>\n<meta property=\"og:image\" content=\"https:\/\/www.b-quadrat.at\/wp-content\/uploads\/2021\/08\/Sabrina_Portrait_freigestellt-1024x683.png\" \/>\n\t<meta property=\"og:image:width\" content=\"1024\" \/>\n\t<meta property=\"og:image:height\" content=\"683\" \/>\n\t<meta property=\"og:image:type\" content=\"image\/png\" \/>\n<meta name=\"twitter:card\" content=\"summary_large_image\" \/>\n<meta name=\"twitter:site\" content=\"@BQuadrat_at\" \/>\n<script type=\"application\/ld+json\" class=\"yoast-schema-graph\">{\"@context\":\"https:\\\/\\\/schema.org\",\"@graph\":[{\"@type\":\"WebPage\",\"@id\":\"https:\\\/\\\/www.b-quadrat.at\\\/en\\\/about-b-quadrat\\\/our-team\\\/sabrina-immler\\\/\",\"url\":\"https:\\\/\\\/www.b-quadrat.at\\\/en\\\/about-b-quadrat\\\/our-team\\\/sabrina-immler\\\/\",\"name\":\"Sabrina Immler - B-Quadrat Finanzberatungs GmbH\",\"isPartOf\":{\"@id\":\"https:\\\/\\\/www.b-quadrat.at\\\/en\\\/#website\"},\"primaryImageOfPage\":{\"@id\":\"https:\\\/\\\/www.b-quadrat.at\\\/en\\\/about-b-quadrat\\\/our-team\\\/sabrina-immler\\\/#primaryimage\"},\"image\":{\"@id\":\"https:\\\/\\\/www.b-quadrat.at\\\/en\\\/about-b-quadrat\\\/our-team\\\/sabrina-immler\\\/#primaryimage\"},\"thumbnailUrl\":\"https:\\\/\\\/www.b-quadrat.at\\\/wp-content\\\/uploads\\\/2021\\\/08\\\/Sabrina_Portrait_freigestellt-1024x683.png\",\"datePublished\":\"2012-05-20T14:33:45+00:00\",\"dateModified\":\"2025-05-27T15:10:36+00:00\",\"description\":\"Contact details of Sabrina Immler | Valued employee of the insurance broker, cross-border commuter expert and credit broker B-Quadrat\",\"breadcrumb\":{\"@id\":\"https:\\\/\\\/www.b-quadrat.at\\\/en\\\/about-b-quadrat\\\/our-team\\\/sabrina-immler\\\/#breadcrumb\"},\"inLanguage\":\"en-US\",\"potentialAction\":[{\"@type\":\"ReadAction\",\"target\":[\"https:\\\/\\\/www.b-quadrat.at\\\/en\\\/about-b-quadrat\\\/our-team\\\/sabrina-immler\\\/\"]}]},{\"@type\":\"ImageObject\",\"inLanguage\":\"en-US\",\"@id\":\"https:\\\/\\\/www.b-quadrat.at\\\/en\\\/about-b-quadrat\\\/our-team\\\/sabrina-immler\\\/#primaryimage\",\"url\":\"https:\\\/\\\/www.b-quadrat.at\\\/wp-content\\\/uploads\\\/2021\\\/08\\\/Sabrina_Portrait_freigestellt-1024x683.png\",\"contentUrl\":\"https:\\\/\\\/www.b-quadrat.at\\\/wp-content\\\/uploads\\\/2021\\\/08\\\/Sabrina_Portrait_freigestellt-1024x683.png\"},{\"@type\":\"BreadcrumbList\",\"@id\":\"https:\\\/\\\/www.b-quadrat.at\\\/en\\\/about-b-quadrat\\\/our-team\\\/sabrina-immler\\\/#breadcrumb\",\"itemListElement\":[{\"@type\":\"ListItem\",\"position\":1,\"name\":\"Startseite\",\"item\":\"https:\\\/\\\/www.b-quadrat.at\\\/en\\\/\"},{\"@type\":\"ListItem\",\"position\":2,\"name\":\"About B-Quadrat\",\"item\":\"https:\\\/\\\/www.b-quadrat.at\\\/en\\\/about-b-quadrat\\\/\"},{\"@type\":\"ListItem\",\"position\":3,\"name\":\"Our team\",\"item\":\"https:\\\/\\\/www.b-quadrat.at\\\/en\\\/about-b-quadrat\\\/our-team\\\/\"},{\"@type\":\"ListItem\",\"position\":4,\"name\":\"Sabrina Immler\"}]},{\"@type\":\"WebSite\",\"@id\":\"https:\\\/\\\/www.b-quadrat.at\\\/en\\\/#website\",\"url\":\"https:\\\/\\\/www.b-quadrat.at\\\/en\\\/\",\"name\":\"B-Quadrat | Versicherungsmakler. Grenzg\u00e4ngerexperte. Kreditmakler.\",\"description\":\"\",\"publisher\":{\"@id\":\"https:\\\/\\\/www.b-quadrat.at\\\/en\\\/#organization\"},\"potentialAction\":[{\"@type\":\"SearchAction\",\"target\":{\"@type\":\"EntryPoint\",\"urlTemplate\":\"https:\\\/\\\/www.b-quadrat.at\\\/en\\\/?s={search_term_string}\"},\"query-input\":{\"@type\":\"PropertyValueSpecification\",\"valueRequired\":true,\"valueName\":\"search_term_string\"}}],\"inLanguage\":\"en-US\"},{\"@type\":\"Organization\",\"@id\":\"https:\\\/\\\/www.b-quadrat.at\\\/en\\\/#organization\",\"name\":\"B-Quadrat Finanzberatungs GmbH\",\"alternateName\":\"B-Quadrat\",\"url\":\"https:\\\/\\\/www.b-quadrat.at\\\/en\\\/\",\"logo\":{\"@type\":\"ImageObject\",\"inLanguage\":\"en-US\",\"@id\":\"https:\\\/\\\/www.b-quadrat.at\\\/en\\\/#\\\/schema\\\/logo\\\/image\\\/\",\"url\":\"https:\\\/\\\/www.b-quadrat.at\\\/wp-content\\\/uploads\\\/2025\\\/03\\\/icon-for-web.gif\",\"contentUrl\":\"https:\\\/\\\/www.b-quadrat.at\\\/wp-content\\\/uploads\\\/2025\\\/03\\\/icon-for-web.gif\",\"width\":335,\"height\":290,\"caption\":\"B-Quadrat Finanzberatungs GmbH\"},\"image\":{\"@id\":\"https:\\\/\\\/www.b-quadrat.at\\\/en\\\/#\\\/schema\\\/logo\\\/image\\\/\"},\"sameAs\":[\"https:\\\/\\\/www.facebook.com\\\/BQuadratFinanzberatung\\\/\",\"https:\\\/\\\/x.com\\\/BQuadrat_at\",\"https:\\\/\\\/www.instagram.com\\\/b.quadrat\\\/\",\"https:\\\/\\\/www.linkedin.com\\\/company\\\/b-quadrat-finanzberatungs-gmbh\\\/\",\"https:\\\/\\\/www.youtube.com\\\/channel\\\/UCyfvyeJjEdcdrdWnKasc2Cg?view_as=subscriber\"],\"description\":\"Wir sind der UNABH\u00c4NGIGE Experte f\u00fcr alle Privatkunden, insbesondere f\u00fcr alle Grenzg\u00e4nger sowie f\u00fcr alle Klein- und Mittelbetriebe in Vorarlberg. Im Vergleich zu Einzelfirmenvertretern und Bankberatern, die lediglich ihre hauseigenen Produkte verkaufen d\u00fcrfen, haben wir durch unsere Unabh\u00e4ngigkeit Zugriff auf mehr als 80 Versicherungs- und Finanzanbieter. Wir verstehen uns als Partner in immer komplexer werdenden M\u00e4rkten und geben Ihnen Orientierung im Angebotsdschungel der Versicherungen, Banken und Bausparkassen. Speziell f\u00fcr Grenzg\u00e4nger: Seit 2003 erhalten Grenzg\u00e4nger von uns eine kostenlose Auskunft und Beratung zu s\u00e4mtlichen Themen die Grenzg\u00e4nger besch\u00e4ftigen, wie z.B. die Krankenversicherung f\u00fcr Grenzg\u00e4nger, die Auswahl des passenden Bankkontos, dann helfen wir mit einer Nettolohnberechnung, der Anmeldung beim \u00f6sterreichischen Finanzamt, praktischen Steuertipps und vielen Dingen mehr. Wir arbeiten mit allen \u00f6sterreichischen Anbieter zusammen und sind in Vorarlberg der f\u00fchrende unabh\u00e4ngige Versicherungsmakler und Berater f\u00fcr Grenzg\u00e4nger. F\u00fcr unsere Dienstleistung (unabh\u00e4ngige Grenzg\u00e4ngerberatung \\\/ unabh\u00e4ngige Grenzg\u00e4ngerauskunft) entstehen Ihnen keinerlei Kosten, da wir aufgrund der Unterst\u00fctzung unserer Partner in der Lage sind eine kostenlose Beratung anzubieten. Sie finden uns in Dornbirn, dem Herzen von Vorarlberg, welches von \u00fcberall aus Vorarlberg, aber auch aus der Schweiz, dem Liechtenstein und aus Deutschland sehr gut zu erreichen ist. Vereinbaren Sie einen Termin, schreiben Sie uns eine E-Mail oder rufen Sie uns an und profitieren Sie von unserer Kompetenz in Versicherungs- und Grenzg\u00e4ngerangelegenheiten. Wir freuen uns auf Sie und Ihre Fragen! Unabh\u00e4ngig, kompetent und engagiert! Herzlichst Ihr Martin H\u00e4usler\",\"email\":\"office@b-quadrat.at\",\"telephone\":\"+43 5572 398770\",\"legalName\":\"B-Quadrat Finanzberatungs GmbH\",\"foundingDate\":\"2003-01-01\",\"numberOfEmployees\":{\"@type\":\"QuantitativeValue\",\"minValue\":\"1\",\"maxValue\":\"10\"}}]}<\/script>\n<!-- \/ Yoast SEO Premium plugin. -->","yoast_head_json":{"title":"Sabrina Immler - B-Quadrat Finanzberatungs GmbH","description":"Contact details of Sabrina Immler | Valued employee of the insurance broker, cross-border commuter expert and credit broker B-Quadrat","robots":{"index":"index","follow":"follow","max-snippet":"max-snippet:-1","max-image-preview":"max-image-preview:large","max-video-preview":"max-video-preview:-1"},"canonical":"https:\/\/www.b-quadrat.at\/en\/about-b-quadrat\/our-team\/sabrina-immler\/","og_locale":"en_US","og_type":"article","og_title":"Sabrina Immler","og_description":"Contact details of Sabrina Immler | Valued employee of the insurance broker, cross-border commuter expert and credit broker B-Quadrat","og_url":"https:\/\/www.b-quadrat.at\/en\/about-b-quadrat\/our-team\/sabrina-immler\/","og_site_name":"B-Quadrat | Versicherungsmakler. Grenzg\u00e4ngerexperte. Kreditmakler.","article_publisher":"https:\/\/www.facebook.com\/BQuadratFinanzberatung\/","article_modified_time":"2025-05-27T15:10:36+00:00","og_image":[{"width":1024,"height":683,"url":"https:\/\/www.b-quadrat.at\/wp-content\/uploads\/2021\/08\/Sabrina_Portrait_freigestellt-1024x683.png","type":"image\/png"}],"twitter_card":"summary_large_image","twitter_site":"@BQuadrat_at","schema":{"@context":"https:\/\/schema.org","@graph":[{"@type":"WebPage","@id":"https:\/\/www.b-quadrat.at\/en\/about-b-quadrat\/our-team\/sabrina-immler\/","url":"https:\/\/www.b-quadrat.at\/en\/about-b-quadrat\/our-team\/sabrina-immler\/","name":"Sabrina Immler - B-Quadrat Finanzberatungs GmbH","isPartOf":{"@id":"https:\/\/www.b-quadrat.at\/en\/#website"},"primaryImageOfPage":{"@id":"https:\/\/www.b-quadrat.at\/en\/about-b-quadrat\/our-team\/sabrina-immler\/#primaryimage"},"image":{"@id":"https:\/\/www.b-quadrat.at\/en\/about-b-quadrat\/our-team\/sabrina-immler\/#primaryimage"},"thumbnailUrl":"https:\/\/www.b-quadrat.at\/wp-content\/uploads\/2021\/08\/Sabrina_Portrait_freigestellt-1024x683.png","datePublished":"2012-05-20T14:33:45+00:00","dateModified":"2025-05-27T15:10:36+00:00","description":"Contact details of Sabrina Immler | Valued employee of the insurance broker, cross-border commuter expert and credit broker B-Quadrat","breadcrumb":{"@id":"https:\/\/www.b-quadrat.at\/en\/about-b-quadrat\/our-team\/sabrina-immler\/#breadcrumb"},"inLanguage":"en-US","potentialAction":[{"@type":"ReadAction","target":["https:\/\/www.b-quadrat.at\/en\/about-b-quadrat\/our-team\/sabrina-immler\/"]}]},{"@type":"ImageObject","inLanguage":"en-US","@id":"https:\/\/www.b-quadrat.at\/en\/about-b-quadrat\/our-team\/sabrina-immler\/#primaryimage","url":"https:\/\/www.b-quadrat.at\/wp-content\/uploads\/2021\/08\/Sabrina_Portrait_freigestellt-1024x683.png","contentUrl":"https:\/\/www.b-quadrat.at\/wp-content\/uploads\/2021\/08\/Sabrina_Portrait_freigestellt-1024x683.png"},{"@type":"BreadcrumbList","@id":"https:\/\/www.b-quadrat.at\/en\/about-b-quadrat\/our-team\/sabrina-immler\/#breadcrumb","itemListElement":[{"@type":"ListItem","position":1,"name":"Startseite","item":"https:\/\/www.b-quadrat.at\/en\/"},{"@type":"ListItem","position":2,"name":"About B-Quadrat","item":"https:\/\/www.b-quadrat.at\/en\/about-b-quadrat\/"},{"@type":"ListItem","position":3,"name":"Our team","item":"https:\/\/www.b-quadrat.at\/en\/about-b-quadrat\/our-team\/"},{"@type":"ListItem","position":4,"name":"Sabrina Immler"}]},{"@type":"WebSite","@id":"https:\/\/www.b-quadrat.at\/en\/#website","url":"https:\/\/www.b-quadrat.at\/en\/","name":"B-Quadrat | Versicherungsmakler. Grenzg\u00e4ngerexperte. Kreditmakler.","description":"","publisher":{"@id":"https:\/\/www.b-quadrat.at\/en\/#organization"},"potentialAction":[{"@type":"SearchAction","target":{"@type":"EntryPoint","urlTemplate":"https:\/\/www.b-quadrat.at\/en\/?s={search_term_string}"},"query-input":{"@type":"PropertyValueSpecification","valueRequired":true,"valueName":"search_term_string"}}],"inLanguage":"en-US"},{"@type":"Organization","@id":"https:\/\/www.b-quadrat.at\/en\/#organization","name":"B-Quadrat Finanzberatungs GmbH","alternateName":"B-Quadrat","url":"https:\/\/www.b-quadrat.at\/en\/","logo":{"@type":"ImageObject","inLanguage":"en-US","@id":"https:\/\/www.b-quadrat.at\/en\/#\/schema\/logo\/image\/","url":"https:\/\/www.b-quadrat.at\/wp-content\/uploads\/2025\/03\/icon-for-web.gif","contentUrl":"https:\/\/www.b-quadrat.at\/wp-content\/uploads\/2025\/03\/icon-for-web.gif","width":335,"height":290,"caption":"B-Quadrat Finanzberatungs GmbH"},"image":{"@id":"https:\/\/www.b-quadrat.at\/en\/#\/schema\/logo\/image\/"},"sameAs":["https:\/\/www.facebook.com\/BQuadratFinanzberatung\/","https:\/\/x.com\/BQuadrat_at","https:\/\/www.instagram.com\/b.quadrat\/","https:\/\/www.linkedin.com\/company\/b-quadrat-finanzberatungs-gmbh\/","https:\/\/www.youtube.com\/channel\/UCyfvyeJjEdcdrdWnKasc2Cg?view_as=subscriber"],"description":"Wir sind der UNABH\u00c4NGIGE Experte f\u00fcr alle Privatkunden, insbesondere f\u00fcr alle Grenzg\u00e4nger sowie f\u00fcr alle Klein- und Mittelbetriebe in Vorarlberg. Im Vergleich zu Einzelfirmenvertretern und Bankberatern, die lediglich ihre hauseigenen Produkte verkaufen d\u00fcrfen, haben wir durch unsere Unabh\u00e4ngigkeit Zugriff auf mehr als 80 Versicherungs- und Finanzanbieter. Wir verstehen uns als Partner in immer komplexer werdenden M\u00e4rkten und geben Ihnen Orientierung im Angebotsdschungel der Versicherungen, Banken und Bausparkassen. Speziell f\u00fcr Grenzg\u00e4nger: Seit 2003 erhalten Grenzg\u00e4nger von uns eine kostenlose Auskunft und Beratung zu s\u00e4mtlichen Themen die Grenzg\u00e4nger besch\u00e4ftigen, wie z.B. die Krankenversicherung f\u00fcr Grenzg\u00e4nger, die Auswahl des passenden Bankkontos, dann helfen wir mit einer Nettolohnberechnung, der Anmeldung beim \u00f6sterreichischen Finanzamt, praktischen Steuertipps und vielen Dingen mehr. Wir arbeiten mit allen \u00f6sterreichischen Anbieter zusammen und sind in Vorarlberg der f\u00fchrende unabh\u00e4ngige Versicherungsmakler und Berater f\u00fcr Grenzg\u00e4nger. F\u00fcr unsere Dienstleistung (unabh\u00e4ngige Grenzg\u00e4ngerberatung \/ unabh\u00e4ngige Grenzg\u00e4ngerauskunft) entstehen Ihnen keinerlei Kosten, da wir aufgrund der Unterst\u00fctzung unserer Partner in der Lage sind eine kostenlose Beratung anzubieten. Sie finden uns in Dornbirn, dem Herzen von Vorarlberg, welches von \u00fcberall aus Vorarlberg, aber auch aus der Schweiz, dem Liechtenstein und aus Deutschland sehr gut zu erreichen ist. Vereinbaren Sie einen Termin, schreiben Sie uns eine E-Mail oder rufen Sie uns an und profitieren Sie von unserer Kompetenz in Versicherungs- und Grenzg\u00e4ngerangelegenheiten. Wir freuen uns auf Sie und Ihre Fragen! Unabh\u00e4ngig, kompetent und engagiert! Herzlichst Ihr Martin H\u00e4usler","email":"office@b-quadrat.at","telephone":"+43 5572 398770","legalName":"B-Quadrat Finanzberatungs GmbH","foundingDate":"2003-01-01","numberOfEmployees":{"@type":"QuantitativeValue","minValue":"1","maxValue":"10"}}]}},"_links":{"self":[{"href":"https:\/\/www.b-quadrat.at\/en\/wp-json\/wp\/v2\/pages\/9440","targetHints":{"allow":["GET"]}}],"collection":[{"href":"https:\/\/www.b-quadrat.at\/en\/wp-json\/wp\/v2\/pages"}],"about":[{"href":"https:\/\/www.b-quadrat.at\/en\/wp-json\/wp\/v2\/types\/page"}],"author":[{"embeddable":true,"href":"https:\/\/www.b-quadrat.at\/en\/wp-json\/wp\/v2\/users\/2"}],"replies":[{"embeddable":true,"href":"https:\/\/www.b-quadrat.at\/en\/wp-json\/wp\/v2\/comments?post=9440"}],"version-history":[{"count":1,"href":"https:\/\/www.b-quadrat.at\/en\/wp-json\/wp\/v2\/pages\/9440\/revisions"}],"predecessor-version":[{"id":9442,"href":"https:\/\/www.b-quadrat.at\/en\/wp-json\/wp\/v2\/pages\/9440\/revisions\/9442"}],"up":[{"embeddable":true,"href":"https:\/\/www.b-quadrat.at\/en\/wp-json\/wp\/v2\/pages\/9312"}],"wp:attachment":[{"href":"https:\/\/www.b-quadrat.at\/en\/wp-json\/wp\/v2\/media?parent=9440"}],"curies":[{"name":"wp","href":"https:\/\/api.w.org\/{rel}","templated":true}]}}