{"id":9335,"date":"2012-05-10T20:14:15","date_gmt":"2012-05-10T18:14:15","guid":{"rendered":"https:\/\/www.b-quadrat.at\/services\/"},"modified":"2012-05-10T20:14:15","modified_gmt":"2012-05-10T18:14:15","slug":"services","status":"publish","type":"page","link":"https:\/\/www.b-quadrat.at\/en\/services\/","title":{"rendered":"Services"},"content":{"rendered":"<h1><strong><span style=\"font-family: verdana, geneva, sans-serif;\">Our services for you<\/span><\/strong><\/h1>\n<p>&nbsp;<\/p>\n<p><span style=\"font-family: verdana, geneva; font-size: 12pt;\">Personal commitment and comprehensive service. That&#8217;s what has set us apart for almost 20 years!   <\/span><\/p>\n<p style=\"text-align: justify;\"><span style=\"font-size: 12pt;\"><span style=\"font-family: verdana, geneva;\">Compared to individual company representatives and bank advisors, who are only allowed to sell their own products, our independence gives us access to more than 80 insurance and financial providers.  <\/span><span style=\"font-family: verdana, geneva;\">And at particularly favorable conditions. The quality of the selected products is our top priority! <\/span><\/span><\/p>\n<p style=\"text-align: justify;\"><span style=\"font-family: verdana, geneva; font-size: 12pt;\">Reliability and quick action are the basis for the unreserved trust of our long-standing clients in the insurance brokers, cross-border experts and credit brokers of B-Quadrat. The comprehensive service and our expertise are highly valued by our clients. <\/span><\/p>\n<p style=\"text-align: justify;\"><span style=\"font-size: 12pt;\"><span style=\"font-family: verdana, geneva;\">Competent employees, genuine teamwork and years of experience: at the insurance broker, cross-border expert and credit broker <\/span><span style=\"font-family: verdana, geneva;\">B-Quadrat brings together what it takes to offer you more.<\/span><\/span><\/p>\n<p style=\"text-align: justify;\"><span style=\"font-family: verdana, geneva; font-size: 12pt;\"><strong>We see ourselves as a partner in increasingly complex markets and provide you with orientation in the jungle of offers from insurance companies, banks and building societies.<\/strong><\/span><\/p>\n<p>&nbsp;<\/p>\n<p style=\"text-align: left;\"><span style=\"font-family: verdana, geneva; font-size: 12pt;\"><strong>Independent, competent and committed.<\/strong><\/span><\/p>\n<p style=\"text-align: left;\"><span style=\"font-family: verdana, geneva; font-size: 12pt;\">Your B-Quadrat Team<\/span><\/p>\n<p><span style=\"font-family: verdana, geneva;\"> <\/span><\/p>\n<p>&nbsp;<\/p>\n<p>&nbsp;<\/p>\n<p>&nbsp;<\/p>\n","protected":false},"excerpt":{"rendered":"<p>Our services for you &nbsp; Personal commitment and comprehensive service. That&#8217;s what has set us apart for almost 20 years! Compared to individual company representatives and bank advisors, who are only allowed to sell their own products, our independence gives us access to more than 80 insurance<\/p>\n","protected":false},"author":2,"featured_media":0,"parent":0,"menu_order":0,"comment_status":"open","ping_status":"open","template":"","meta":{"_monsterinsights_skip_tracking":false,"_monsterinsights_sitenote_active":false,"_monsterinsights_sitenote_note":"","_monsterinsights_sitenote_category":0,"footnotes":"","_links_to":"","_links_to_target":""},"class_list":["post-9335","page","type-page","status-publish","hentry"],"yoast_head":"<!-- This site is optimized with the Yoast SEO Premium plugin v26.4 (Yoast SEO v27.4) - https:\/\/yoast.com\/product\/yoast-seo-premium-wordpress\/ -->\n<title>Our services for you | B-Quadrat Finanzberatungs GmbH<\/title>\n<meta name=\"description\" content=\"Find out what we do for you and how we do it! (Insurance broker, cross-border commuter expert and credit broker B-Quadrat)\" \/>\n<meta name=\"robots\" content=\"index, follow, max-snippet:-1, max-image-preview:large, max-video-preview:-1\" \/>\n<link rel=\"canonical\" href=\"https:\/\/www.b-quadrat.at\/en\/services\/\" \/>\n<meta property=\"og:locale\" content=\"en_US\" \/>\n<meta property=\"og:type\" content=\"article\" \/>\n<meta property=\"og:title\" content=\"Services\" \/>\n<meta property=\"og:description\" content=\"Find out what we do for you and how we do it! (Insurance broker, cross-border commuter expert and credit broker B-Quadrat)\" \/>\n<meta property=\"og:url\" content=\"https:\/\/www.b-quadrat.at\/en\/services\/\" \/>\n<meta property=\"og:site_name\" content=\"B-Quadrat | Versicherungsmakler. Grenzg\u00e4ngerexperte. Kreditmakler.\" \/>\n<meta property=\"article:publisher\" content=\"https:\/\/www.facebook.com\/BQuadratFinanzberatung\/\" \/>\n<meta name=\"twitter:card\" content=\"summary_large_image\" \/>\n<meta name=\"twitter:site\" content=\"@BQuadrat_at\" \/>\n<meta name=\"twitter:label1\" content=\"Est. reading time\" \/>\n\t<meta name=\"twitter:data1\" content=\"1 minute\" \/>\n<script type=\"application\/ld+json\" class=\"yoast-schema-graph\">{\"@context\":\"https:\\\/\\\/schema.org\",\"@graph\":[{\"@type\":\"WebPage\",\"@id\":\"https:\\\/\\\/www.b-quadrat.at\\\/en\\\/services\\\/\",\"url\":\"https:\\\/\\\/www.b-quadrat.at\\\/en\\\/services\\\/\",\"name\":\"Our services for you | B-Quadrat Finanzberatungs GmbH\",\"isPartOf\":{\"@id\":\"https:\\\/\\\/www.b-quadrat.at\\\/en\\\/#website\"},\"datePublished\":\"2012-05-10T18:14:15+00:00\",\"description\":\"Find out what we do for you and how we do it! (Insurance broker, cross-border commuter expert and credit broker B-Quadrat)\",\"breadcrumb\":{\"@id\":\"https:\\\/\\\/www.b-quadrat.at\\\/en\\\/services\\\/#breadcrumb\"},\"inLanguage\":\"en-US\",\"potentialAction\":[{\"@type\":\"ReadAction\",\"target\":[\"https:\\\/\\\/www.b-quadrat.at\\\/en\\\/services\\\/\"]}]},{\"@type\":\"BreadcrumbList\",\"@id\":\"https:\\\/\\\/www.b-quadrat.at\\\/en\\\/services\\\/#breadcrumb\",\"itemListElement\":[{\"@type\":\"ListItem\",\"position\":1,\"name\":\"Startseite\",\"item\":\"https:\\\/\\\/www.b-quadrat.at\\\/en\\\/\"},{\"@type\":\"ListItem\",\"position\":2,\"name\":\"Services\"}]},{\"@type\":\"WebSite\",\"@id\":\"https:\\\/\\\/www.b-quadrat.at\\\/en\\\/#website\",\"url\":\"https:\\\/\\\/www.b-quadrat.at\\\/en\\\/\",\"name\":\"B-Quadrat | Versicherungsmakler. Grenzg\u00e4ngerexperte. Kreditmakler.\",\"description\":\"\",\"publisher\":{\"@id\":\"https:\\\/\\\/www.b-quadrat.at\\\/en\\\/#organization\"},\"potentialAction\":[{\"@type\":\"SearchAction\",\"target\":{\"@type\":\"EntryPoint\",\"urlTemplate\":\"https:\\\/\\\/www.b-quadrat.at\\\/en\\\/?s={search_term_string}\"},\"query-input\":{\"@type\":\"PropertyValueSpecification\",\"valueRequired\":true,\"valueName\":\"search_term_string\"}}],\"inLanguage\":\"en-US\"},{\"@type\":\"Organization\",\"@id\":\"https:\\\/\\\/www.b-quadrat.at\\\/en\\\/#organization\",\"name\":\"B-Quadrat Finanzberatungs GmbH\",\"alternateName\":\"B-Quadrat\",\"url\":\"https:\\\/\\\/www.b-quadrat.at\\\/en\\\/\",\"logo\":{\"@type\":\"ImageObject\",\"inLanguage\":\"en-US\",\"@id\":\"https:\\\/\\\/www.b-quadrat.at\\\/en\\\/#\\\/schema\\\/logo\\\/image\\\/\",\"url\":\"https:\\\/\\\/www.b-quadrat.at\\\/wp-content\\\/uploads\\\/2025\\\/03\\\/icon-for-web.gif\",\"contentUrl\":\"https:\\\/\\\/www.b-quadrat.at\\\/wp-content\\\/uploads\\\/2025\\\/03\\\/icon-for-web.gif\",\"width\":335,\"height\":290,\"caption\":\"B-Quadrat Finanzberatungs GmbH\"},\"image\":{\"@id\":\"https:\\\/\\\/www.b-quadrat.at\\\/en\\\/#\\\/schema\\\/logo\\\/image\\\/\"},\"sameAs\":[\"https:\\\/\\\/www.facebook.com\\\/BQuadratFinanzberatung\\\/\",\"https:\\\/\\\/x.com\\\/BQuadrat_at\",\"https:\\\/\\\/www.instagram.com\\\/b.quadrat\\\/\",\"https:\\\/\\\/www.linkedin.com\\\/company\\\/b-quadrat-finanzberatungs-gmbh\\\/\",\"https:\\\/\\\/www.youtube.com\\\/channel\\\/UCyfvyeJjEdcdrdWnKasc2Cg?view_as=subscriber\"],\"description\":\"Wir sind der UNABH\u00c4NGIGE Experte f\u00fcr alle Privatkunden, insbesondere f\u00fcr alle Grenzg\u00e4nger sowie f\u00fcr alle Klein- und Mittelbetriebe in Vorarlberg. Im Vergleich zu Einzelfirmenvertretern und Bankberatern, die lediglich ihre hauseigenen Produkte verkaufen d\u00fcrfen, haben wir durch unsere Unabh\u00e4ngigkeit Zugriff auf mehr als 80 Versicherungs- und Finanzanbieter. Wir verstehen uns als Partner in immer komplexer werdenden M\u00e4rkten und geben Ihnen Orientierung im Angebotsdschungel der Versicherungen, Banken und Bausparkassen. Speziell f\u00fcr Grenzg\u00e4nger: Seit 2003 erhalten Grenzg\u00e4nger von uns eine kostenlose Auskunft und Beratung zu s\u00e4mtlichen Themen die Grenzg\u00e4nger besch\u00e4ftigen, wie z.B. die Krankenversicherung f\u00fcr Grenzg\u00e4nger, die Auswahl des passenden Bankkontos, dann helfen wir mit einer Nettolohnberechnung, der Anmeldung beim \u00f6sterreichischen Finanzamt, praktischen Steuertipps und vielen Dingen mehr. Wir arbeiten mit allen \u00f6sterreichischen Anbieter zusammen und sind in Vorarlberg der f\u00fchrende unabh\u00e4ngige Versicherungsmakler und Berater f\u00fcr Grenzg\u00e4nger. F\u00fcr unsere Dienstleistung (unabh\u00e4ngige Grenzg\u00e4ngerberatung \\\/ unabh\u00e4ngige Grenzg\u00e4ngerauskunft) entstehen Ihnen keinerlei Kosten, da wir aufgrund der Unterst\u00fctzung unserer Partner in der Lage sind eine kostenlose Beratung anzubieten. Sie finden uns in Dornbirn, dem Herzen von Vorarlberg, welches von \u00fcberall aus Vorarlberg, aber auch aus der Schweiz, dem Liechtenstein und aus Deutschland sehr gut zu erreichen ist. Vereinbaren Sie einen Termin, schreiben Sie uns eine E-Mail oder rufen Sie uns an und profitieren Sie von unserer Kompetenz in Versicherungs- und Grenzg\u00e4ngerangelegenheiten. Wir freuen uns auf Sie und Ihre Fragen! Unabh\u00e4ngig, kompetent und engagiert! Herzlichst Ihr Martin H\u00e4usler\",\"email\":\"office@b-quadrat.at\",\"telephone\":\"+43 5572 398770\",\"legalName\":\"B-Quadrat Finanzberatungs GmbH\",\"foundingDate\":\"2003-01-01\",\"numberOfEmployees\":{\"@type\":\"QuantitativeValue\",\"minValue\":\"1\",\"maxValue\":\"10\"}}]}<\/script>\n<!-- \/ Yoast SEO Premium plugin. -->","yoast_head_json":{"title":"Our services for you | B-Quadrat Finanzberatungs GmbH","description":"Find out what we do for you and how we do it! (Insurance broker, cross-border commuter expert and credit broker B-Quadrat)","robots":{"index":"index","follow":"follow","max-snippet":"max-snippet:-1","max-image-preview":"max-image-preview:large","max-video-preview":"max-video-preview:-1"},"canonical":"https:\/\/www.b-quadrat.at\/en\/services\/","og_locale":"en_US","og_type":"article","og_title":"Services","og_description":"Find out what we do for you and how we do it! (Insurance broker, cross-border commuter expert and credit broker B-Quadrat)","og_url":"https:\/\/www.b-quadrat.at\/en\/services\/","og_site_name":"B-Quadrat | Versicherungsmakler. Grenzg\u00e4ngerexperte. Kreditmakler.","article_publisher":"https:\/\/www.facebook.com\/BQuadratFinanzberatung\/","twitter_card":"summary_large_image","twitter_site":"@BQuadrat_at","twitter_misc":{"Est. reading time":"1 minute"},"schema":{"@context":"https:\/\/schema.org","@graph":[{"@type":"WebPage","@id":"https:\/\/www.b-quadrat.at\/en\/services\/","url":"https:\/\/www.b-quadrat.at\/en\/services\/","name":"Our services for you | B-Quadrat Finanzberatungs GmbH","isPartOf":{"@id":"https:\/\/www.b-quadrat.at\/en\/#website"},"datePublished":"2012-05-10T18:14:15+00:00","description":"Find out what we do for you and how we do it! (Insurance broker, cross-border commuter expert and credit broker B-Quadrat)","breadcrumb":{"@id":"https:\/\/www.b-quadrat.at\/en\/services\/#breadcrumb"},"inLanguage":"en-US","potentialAction":[{"@type":"ReadAction","target":["https:\/\/www.b-quadrat.at\/en\/services\/"]}]},{"@type":"BreadcrumbList","@id":"https:\/\/www.b-quadrat.at\/en\/services\/#breadcrumb","itemListElement":[{"@type":"ListItem","position":1,"name":"Startseite","item":"https:\/\/www.b-quadrat.at\/en\/"},{"@type":"ListItem","position":2,"name":"Services"}]},{"@type":"WebSite","@id":"https:\/\/www.b-quadrat.at\/en\/#website","url":"https:\/\/www.b-quadrat.at\/en\/","name":"B-Quadrat | Versicherungsmakler. Grenzg\u00e4ngerexperte. Kreditmakler.","description":"","publisher":{"@id":"https:\/\/www.b-quadrat.at\/en\/#organization"},"potentialAction":[{"@type":"SearchAction","target":{"@type":"EntryPoint","urlTemplate":"https:\/\/www.b-quadrat.at\/en\/?s={search_term_string}"},"query-input":{"@type":"PropertyValueSpecification","valueRequired":true,"valueName":"search_term_string"}}],"inLanguage":"en-US"},{"@type":"Organization","@id":"https:\/\/www.b-quadrat.at\/en\/#organization","name":"B-Quadrat Finanzberatungs GmbH","alternateName":"B-Quadrat","url":"https:\/\/www.b-quadrat.at\/en\/","logo":{"@type":"ImageObject","inLanguage":"en-US","@id":"https:\/\/www.b-quadrat.at\/en\/#\/schema\/logo\/image\/","url":"https:\/\/www.b-quadrat.at\/wp-content\/uploads\/2025\/03\/icon-for-web.gif","contentUrl":"https:\/\/www.b-quadrat.at\/wp-content\/uploads\/2025\/03\/icon-for-web.gif","width":335,"height":290,"caption":"B-Quadrat Finanzberatungs GmbH"},"image":{"@id":"https:\/\/www.b-quadrat.at\/en\/#\/schema\/logo\/image\/"},"sameAs":["https:\/\/www.facebook.com\/BQuadratFinanzberatung\/","https:\/\/x.com\/BQuadrat_at","https:\/\/www.instagram.com\/b.quadrat\/","https:\/\/www.linkedin.com\/company\/b-quadrat-finanzberatungs-gmbh\/","https:\/\/www.youtube.com\/channel\/UCyfvyeJjEdcdrdWnKasc2Cg?view_as=subscriber"],"description":"Wir sind der UNABH\u00c4NGIGE Experte f\u00fcr alle Privatkunden, insbesondere f\u00fcr alle Grenzg\u00e4nger sowie f\u00fcr alle Klein- und Mittelbetriebe in Vorarlberg. Im Vergleich zu Einzelfirmenvertretern und Bankberatern, die lediglich ihre hauseigenen Produkte verkaufen d\u00fcrfen, haben wir durch unsere Unabh\u00e4ngigkeit Zugriff auf mehr als 80 Versicherungs- und Finanzanbieter. Wir verstehen uns als Partner in immer komplexer werdenden M\u00e4rkten und geben Ihnen Orientierung im Angebotsdschungel der Versicherungen, Banken und Bausparkassen. Speziell f\u00fcr Grenzg\u00e4nger: Seit 2003 erhalten Grenzg\u00e4nger von uns eine kostenlose Auskunft und Beratung zu s\u00e4mtlichen Themen die Grenzg\u00e4nger besch\u00e4ftigen, wie z.B. die Krankenversicherung f\u00fcr Grenzg\u00e4nger, die Auswahl des passenden Bankkontos, dann helfen wir mit einer Nettolohnberechnung, der Anmeldung beim \u00f6sterreichischen Finanzamt, praktischen Steuertipps und vielen Dingen mehr. Wir arbeiten mit allen \u00f6sterreichischen Anbieter zusammen und sind in Vorarlberg der f\u00fchrende unabh\u00e4ngige Versicherungsmakler und Berater f\u00fcr Grenzg\u00e4nger. F\u00fcr unsere Dienstleistung (unabh\u00e4ngige Grenzg\u00e4ngerberatung \/ unabh\u00e4ngige Grenzg\u00e4ngerauskunft) entstehen Ihnen keinerlei Kosten, da wir aufgrund der Unterst\u00fctzung unserer Partner in der Lage sind eine kostenlose Beratung anzubieten. Sie finden uns in Dornbirn, dem Herzen von Vorarlberg, welches von \u00fcberall aus Vorarlberg, aber auch aus der Schweiz, dem Liechtenstein und aus Deutschland sehr gut zu erreichen ist. Vereinbaren Sie einen Termin, schreiben Sie uns eine E-Mail oder rufen Sie uns an und profitieren Sie von unserer Kompetenz in Versicherungs- und Grenzg\u00e4ngerangelegenheiten. Wir freuen uns auf Sie und Ihre Fragen! Unabh\u00e4ngig, kompetent und engagiert! Herzlichst Ihr Martin H\u00e4usler","email":"office@b-quadrat.at","telephone":"+43 5572 398770","legalName":"B-Quadrat Finanzberatungs GmbH","foundingDate":"2003-01-01","numberOfEmployees":{"@type":"QuantitativeValue","minValue":"1","maxValue":"10"}}]}},"_links":{"self":[{"href":"https:\/\/www.b-quadrat.at\/en\/wp-json\/wp\/v2\/pages\/9335","targetHints":{"allow":["GET"]}}],"collection":[{"href":"https:\/\/www.b-quadrat.at\/en\/wp-json\/wp\/v2\/pages"}],"about":[{"href":"https:\/\/www.b-quadrat.at\/en\/wp-json\/wp\/v2\/types\/page"}],"author":[{"embeddable":true,"href":"https:\/\/www.b-quadrat.at\/en\/wp-json\/wp\/v2\/users\/2"}],"replies":[{"embeddable":true,"href":"https:\/\/www.b-quadrat.at\/en\/wp-json\/wp\/v2\/comments?post=9335"}],"version-history":[{"count":0,"href":"https:\/\/www.b-quadrat.at\/en\/wp-json\/wp\/v2\/pages\/9335\/revisions"}],"wp:attachment":[{"href":"https:\/\/www.b-quadrat.at\/en\/wp-json\/wp\/v2\/media?parent=9335"}],"curies":[{"name":"wp","href":"https:\/\/api.w.org\/{rel}","templated":true}]}}