{"id":9238,"date":"2020-03-24T22:10:26","date_gmt":"2020-03-24T20:10:26","guid":{"rendered":"https:\/\/www.b-quadrat.at\/continued-payment-of-wages-for-cross-border-commuters-to-switzerland-liechtenstein\/"},"modified":"2025-05-26T14:08:46","modified_gmt":"2025-05-26T12:08:46","slug":"continued-payment-of-wages-for-cross-border-commuters-to-switzerland-liechtenstein","status":"publish","type":"page","link":"https:\/\/www.b-quadrat.at\/en\/cross-border-commuter\/continued-payment-of-wages-for-cross-border-commuters-to-switzerland-liechtenstein\/","title":{"rendered":"Continued payment of wages for cross-border commuters to Switzerland \/ Liechtenstein"},"content":{"rendered":"[vc_row][vc_column][vc_column_text]\n<h1><span style=\"font-family: verdana, geneva, sans-serif;\"><strong>Continued payment of wages for cross-border commuters to Switzerland \/ Liechtenstein<\/strong><\/span><\/h1>\n<h2><span style=\"font-family: verdana, geneva, sans-serif;\">Daily sickness benefits insurance (KTG) for cross-border commuters Switzerland \/ Liechtenstein<\/span><\/h2>\n[\/vc_column_text][vc_single_image image=&#8221;8902&#8243; img_size=&#8221;full&#8221; alignment=&#8221;center&#8221;][vc_empty_space][vc_column_text]\n<h2><span style=\"font-family: verdana, geneva, sans-serif;\">Daily sickness benefit Switzerland \/ Liechtenstein (KTG): Continued payment of salary for cross-border commuters<\/span><\/h2>\n[\/vc_column_text][vc_column_text]<span style=\"font-family: verdana, geneva, sans-serif; font-size: 12pt;\">In Switzerland and Liechtenstein, in contrast to Austria and Germany, there is no statutory obligation to continue to pay wages in the event of illness. Unless you agree otherwise, there is no obligation to continue to pay wages in Switzerland and Liechtenstein during the first 3 months of employment.   <\/span><\/p>\n<h3><span style=\"font-family: verdana, geneva, sans-serif;\">Legal &#8220;minimum regulation<\/span><\/h3>\n<p style=\"text-align: justify;\"><span style=\"font-family: verdana, geneva, sans-serif; font-size: 12pt;\">According to the statutory regulations, the obligation to continue to pay wages exists for three weeks in the first year of service from the 4th month of employment, at least 4 weeks in the second year of employment and 9 weeks in the third year, after which there are further extensions up to a maximum of 31 weeks after 25 years of service. <\/span><\/p>\n<h3><span style=\"font-family: verdana, geneva, sans-serif;\">A good agreement in the employment contract is very important<\/span><\/h3>\n<p style=\"text-align: justify;\"><span style=\"font-family: verdana, geneva, sans-serif; font-size: 12pt;\"><b style=\"font-family: verdana, geneva, sans-serif;\">The employment contract must stipulate for how long wages will continue to be paid in the event of illness. <\/b><span style=\"font-family: verdana, geneva, sans-serif;\"><b>continues to be paid<\/b><\/span><b style=\"font-family: verdana, geneva, sans-serif;\">  becomes. Daily sickness benefits insurance (KTG) should be in place to cover the period after the employer&#8217;s obligation to continue paying wages ends. <\/b><span style=\"font-family: verdana, geneva, sans-serif;\">  You are welcome to discuss KTG insurance solutions in detail with one of our independent insurance specialists.  <\/span><\/span><\/p>\n[\/vc_column_text][vc_row_inner][vc_column_inner][\/vc_column_inner][\/vc_row_inner][\/vc_column][\/vc_row][vc_row bg_type=&#8221;bg_color&#8221; bg_color_value=&#8221;#000f8a&#8221;][vc_column][vc_column_text]<span style=\"color: #ffffff;\"><strong><span style=\"font-family: verdana, geneva, sans-serif; font-size: 14pt;\">Best cross-border commuter advice in Vorarlberg<\/span><\/strong><\/span><\/p>\n<p><span style=\"font-family: verdana, geneva, sans-serif; color: #ffffff; font-size: 12pt;\">&gt;  Free and non-binding advice<\/span><br \/>\n<span style=\"font-family: verdana, geneva, sans-serif; color: #ffffff; font-size: 12pt;\">&gt;  Always a personal contact person, no call center<\/span><br \/>\n<span style=\"font-family: verdana, geneva, sans-serif; color: #ffffff; font-size: 12pt;\">&gt;  Best and cheapest health insurance for cross-border commuters<\/span><br \/>\n<span style=\"font-family: verdana, geneva, sans-serif; color: #ffffff; font-size: 12pt;\">&gt;  Practical tax tips<\/span><br \/>\n<span style=\"font-family: verdana, geneva, sans-serif; color: #ffffff; font-size: 12pt;\">&gt;  Help with registering with the tax office<\/span><br \/>\n<span style=\"font-family: verdana, geneva, sans-serif; color: #ffffff; font-size: 12pt;\">&gt;  Free net wage calculation<\/span><br \/>\n<span style=\"font-family: verdana, geneva, sans-serif; color: #ffffff; font-size: 12pt;\">&gt;  Adjustment of your existing insurance policies to the new situation<\/span><br \/>\n<span style=\"font-family: verdana, geneva, sans-serif; color: #ffffff; font-size: 12pt;\">&gt;  and much more<\/span>[\/vc_column_text][vc_btn title=&#8221;Arrange a consultation now&#8221; color=&#8221;danger&#8221; align=&#8221;center&#8221; button_block=&#8221;true&#8221; link=&#8221;url:https%3A%2F%2Fbook.timify.com%2Fservices%3FaccountId%3D5dd58034ea99b411773abb33%26hideCloseButton%3Dtrue|title:Arrange%20a%20consultation%20now|target:%20_blank|&#8221;][\/vc_column][\/vc_row][vc_row][vc_column][vc_column_text]\n<h3><span style=\"font-family: verdana, geneva, sans-serif;\">Employers offer daily sickness allowance insurance (KTG)<\/span><\/h3>\n<p style=\"text-align: justify;\"><span style=\"font-family: verdana, geneva, sans-serif; font-size: 12pt;\">Many employers have voluntarily taken out collective daily sickness benefits insurance (KTG) for their employees. This guarantees cover over and above the statutory minimum in the event of illness or accident. Normally, 80% of the salary is agreed for 730 days.  <\/span><\/p>\n<p style=\"text-align: justify;\"><span style=\"font-family: verdana, geneva, sans-serif; font-size: 12pt;\"><strong>You should definitely clarify with your employer or check in your employment contract whether such a provision exists. If not, you will need to take out private daily allowance insurance yourself. We will be happy to help you with this.  <\/strong> <\/span><\/p>\n<h3><span style=\"font-family: verdana, geneva, sans-serif;\">Who pays the premiums for daily sickness allowance insurance (KTG)<\/span><\/h3>\n<p style=\"text-align: justify;\"><span style=\"font-size: 12pt;\"><span style=\"font-family: verdana, geneva, sans-serif;\">Contributions to daily sickness allowance insurance can be paid by the employer. In most cases, however, the employee must pay the contributions. Sometimes the contributions are also shared between employer and employee. The contributions are deducted directly from the salary. If the employer pays all the contributions to the      <\/span><span style=\"font-family: verdana, geneva, sans-serif;\">If you carry daily sickness allowance insurance, parts of it are taxable income.<\/span><\/span><\/p>\n<h3><span style=\"font-family: verdana, geneva, sans-serif;\">What happens when the employment relationship ends<\/span><\/h3>\n<p style=\"text-align: justify;\"><span style=\"font-family: verdana, geneva, sans-serif;\"><span style=\"font-size: 12pt;\">Employees who are members of a company daily allowance insurance scheme in accordance with the Health Insurance Act (KVG) also lose their daily allowance entitlement when they leave the company. His insurance cover only remains if he voluntarily joins the individual insurance. This also applies in the event of pregnancy.  <\/span><br \/>\n<\/span><br \/>\n<span style=\"font-family: verdana, geneva, sans-serif; font-size: 12pt;\">The situation is different if the employee is insured collectively by his employer in accordance with the Insurance Contract Act (VVG). In the event of termination during an illness, the daily allowance entitlement remains in place even after the end of the employment relationship, up to the agreed benefit period. <\/span><\/p>\n[\/vc_column_text][\/vc_column][\/vc_row][vc_row bg_type=&#8221;bg_color&#8221; bg_color_value=&#8221;#000f8a&#8221;][vc_column][vc_column_text]<span style=\"color: #ffffff;\"><strong><span style=\"font-family: verdana, geneva, sans-serif; font-size: 14pt;\">Health insurance &#8211; 3 options for cross-border commuters<\/span><\/strong><\/span><\/p>\n<p><span style=\"font-family: verdana, geneva, sans-serif; color: #ffffff; font-size: 12pt;\">&gt; Statutory health insurance in Austria with \u00d6GK<\/span><br \/>\n<span style=\"font-family: verdana, geneva, sans-serif; color: #ffffff; font-size: 12pt;\">&gt; Health insurance under the KVG in Switzerland or Liechtenstein<\/span><br \/>\n<span style=\"font-family: verdana, geneva, sans-serif; color: #ffffff; font-size: 12pt;\">&gt; Private health insurance in Austria (cross-border commuter insurance)<\/span>[\/vc_column_text][vc_btn title=&#8221;Learn more&#8221; color=&#8221;danger&#8221; align=&#8221;center&#8221; button_block=&#8221;true&#8221; link=&#8221;url:https%3A%2F%2Fgrenzgaengerversicherung.at%2Fgrenzgaenger-krankenversicherung|title:Learn%20more|target:%20_blank|&#8221;][\/vc_column][\/vc_row][vc_row][vc_column][vc_column_text]\n<h3><span style=\"font-family: verdana, geneva, sans-serif;\">A reduction in the daily sickness allowance is possible for certain types of sport<\/span><\/h3>\n<p style=\"text-align: justify;\"><span style=\"font-family: verdana, geneva, sans-serif; font-size: 12pt;\">The following sports are an exemplary list of sports that insurance companies in Switzerland and Liechtenstein consider to be risks, so that daily sickness benefits may be reduced.<\/span><\/p>\n<p style=\"text-align: justify;\"><span style=\"font-family: verdana, geneva, sans-serif; font-size: 12pt;\">Car racing, extreme karate, boxing or martial arts competitions, motorboat and motorcycle racing, downhill mountain bike racing, speed skiing, diving deeper than 40 meters, riverboogie (white water rafting on a floating bob), snowrafting (inflatable rafting on ski slopes), hang gliding, canoeing and kayaking, canyoning, deep-sea sailing, mountaineering.<\/span><\/p>\n[\/vc_column_text][\/vc_column][\/vc_row][vc_row][vc_column][vc_empty_space height=&#8221;55px&#8221;][vc_widget_sidebar sidebar_id=&#8221;sidebar-19&#8243;][\/vc_column][\/vc_row]\n","protected":false},"excerpt":{"rendered":"<p>[vc_row][vc_column][vc_column_text] Continued payment of wages for cross-border commuters to Switzerland \/ Liechtenstein Daily sickness benefits insurance (KTG) for cross-border commuters Switzerland \/ Liechtenstein [\/vc_column_text][vc_single_image image=&#8221;8902&#8243; img_size=&#8221;full&#8221; alignment=&#8221;center&#8221;][vc_empty_space][vc_column_text] Daily sickness benefit Switzerland \/ Liechtenstein (KTG): Continued payment of salary for cross-border commuters [\/vc_column_text][vc_column_text]In Switzerland and Liechtenstein, in contrast<\/p>\n","protected":false},"author":2,"featured_media":0,"parent":9255,"menu_order":0,"comment_status":"closed","ping_status":"closed","template":"page-FullWidth.php","meta":{"_monsterinsights_skip_tracking":false,"_monsterinsights_sitenote_active":false,"_monsterinsights_sitenote_note":"","_monsterinsights_sitenote_category":0,"footnotes":"","_links_to":"","_links_to_target":""},"class_list":["post-9238","page","type-page","status-publish","hentry"],"yoast_head":"<!-- This site is optimized with the Yoast SEO Premium plugin v26.4 (Yoast SEO v27.4) - https:\/\/yoast.com\/product\/yoast-seo-premium-wordpress\/ -->\n<title>Continued payment of wages for cross-border commuters to Switzerland \/ Liechtenstein<\/title>\n<meta name=\"description\" content=\"The continued payment of wages for cross-border commuters is an important issue that should be regulated in the employment contract right from the start.\" \/>\n<meta name=\"robots\" content=\"index, follow, max-snippet:-1, max-image-preview:large, max-video-preview:-1\" \/>\n<link rel=\"canonical\" href=\"https:\/\/www.b-quadrat.at\/en\/cross-border-commuter\/continued-payment-of-wages-for-cross-border-commuters-to-switzerland-liechtenstein\/\" \/>\n<meta property=\"og:locale\" content=\"en_US\" \/>\n<meta property=\"og:type\" content=\"article\" \/>\n<meta property=\"og:title\" content=\"Continued payment of wages for cross-border commuters to Switzerland \/ Liechtenstein\" \/>\n<meta property=\"og:description\" content=\"The continued payment of wages for cross-border commuters is an important issue that should be regulated in the employment contract right from the start.\" \/>\n<meta property=\"og:url\" content=\"https:\/\/www.b-quadrat.at\/en\/cross-border-commuter\/continued-payment-of-wages-for-cross-border-commuters-to-switzerland-liechtenstein\/\" \/>\n<meta property=\"og:site_name\" content=\"B-Quadrat | Versicherungsmakler. Grenzg\u00e4ngerexperte. Kreditmakler.\" \/>\n<meta property=\"article:publisher\" content=\"https:\/\/www.facebook.com\/BQuadratFinanzberatung\/\" \/>\n<meta property=\"article:modified_time\" content=\"2025-05-26T12:08:46+00:00\" \/>\n<meta name=\"twitter:card\" content=\"summary_large_image\" \/>\n<meta name=\"twitter:site\" content=\"@BQuadrat_at\" \/>\n<meta name=\"twitter:label1\" content=\"Est. reading time\" \/>\n\t<meta name=\"twitter:data1\" content=\"4 minutes\" \/>\n<script type=\"application\/ld+json\" class=\"yoast-schema-graph\">{\"@context\":\"https:\\\/\\\/schema.org\",\"@graph\":[{\"@type\":\"WebPage\",\"@id\":\"https:\\\/\\\/www.b-quadrat.at\\\/en\\\/cross-border-commuter\\\/continued-payment-of-wages-for-cross-border-commuters-to-switzerland-liechtenstein\\\/\",\"url\":\"https:\\\/\\\/www.b-quadrat.at\\\/en\\\/cross-border-commuter\\\/continued-payment-of-wages-for-cross-border-commuters-to-switzerland-liechtenstein\\\/\",\"name\":\"Continued payment of wages for cross-border commuters to Switzerland \\\/ Liechtenstein\",\"isPartOf\":{\"@id\":\"https:\\\/\\\/www.b-quadrat.at\\\/en\\\/#website\"},\"datePublished\":\"2020-03-24T20:10:26+00:00\",\"dateModified\":\"2025-05-26T12:08:46+00:00\",\"description\":\"The continued payment of wages for cross-border commuters is an important issue that should be regulated in the employment contract right from the start.\",\"breadcrumb\":{\"@id\":\"https:\\\/\\\/www.b-quadrat.at\\\/en\\\/cross-border-commuter\\\/continued-payment-of-wages-for-cross-border-commuters-to-switzerland-liechtenstein\\\/#breadcrumb\"},\"inLanguage\":\"en-US\",\"potentialAction\":[{\"@type\":\"ReadAction\",\"target\":[\"https:\\\/\\\/www.b-quadrat.at\\\/en\\\/cross-border-commuter\\\/continued-payment-of-wages-for-cross-border-commuters-to-switzerland-liechtenstein\\\/\"]}]},{\"@type\":\"BreadcrumbList\",\"@id\":\"https:\\\/\\\/www.b-quadrat.at\\\/en\\\/cross-border-commuter\\\/continued-payment-of-wages-for-cross-border-commuters-to-switzerland-liechtenstein\\\/#breadcrumb\",\"itemListElement\":[{\"@type\":\"ListItem\",\"position\":1,\"name\":\"Startseite\",\"item\":\"https:\\\/\\\/www.b-quadrat.at\\\/en\\\/\"},{\"@type\":\"ListItem\",\"position\":2,\"name\":\"Cross-border commuter\",\"item\":\"https:\\\/\\\/www.b-quadrat.at\\\/en\\\/cross-border-commuter\\\/\"},{\"@type\":\"ListItem\",\"position\":3,\"name\":\"Continued payment of wages for cross-border commuters to Switzerland \\\/ Liechtenstein\"}]},{\"@type\":\"WebSite\",\"@id\":\"https:\\\/\\\/www.b-quadrat.at\\\/en\\\/#website\",\"url\":\"https:\\\/\\\/www.b-quadrat.at\\\/en\\\/\",\"name\":\"B-Quadrat | Versicherungsmakler. Grenzg\u00e4ngerexperte. Kreditmakler.\",\"description\":\"\",\"publisher\":{\"@id\":\"https:\\\/\\\/www.b-quadrat.at\\\/en\\\/#organization\"},\"potentialAction\":[{\"@type\":\"SearchAction\",\"target\":{\"@type\":\"EntryPoint\",\"urlTemplate\":\"https:\\\/\\\/www.b-quadrat.at\\\/en\\\/?s={search_term_string}\"},\"query-input\":{\"@type\":\"PropertyValueSpecification\",\"valueRequired\":true,\"valueName\":\"search_term_string\"}}],\"inLanguage\":\"en-US\"},{\"@type\":\"Organization\",\"@id\":\"https:\\\/\\\/www.b-quadrat.at\\\/en\\\/#organization\",\"name\":\"B-Quadrat Finanzberatungs GmbH\",\"alternateName\":\"B-Quadrat\",\"url\":\"https:\\\/\\\/www.b-quadrat.at\\\/en\\\/\",\"logo\":{\"@type\":\"ImageObject\",\"inLanguage\":\"en-US\",\"@id\":\"https:\\\/\\\/www.b-quadrat.at\\\/en\\\/#\\\/schema\\\/logo\\\/image\\\/\",\"url\":\"https:\\\/\\\/www.b-quadrat.at\\\/wp-content\\\/uploads\\\/2025\\\/03\\\/icon-for-web.gif\",\"contentUrl\":\"https:\\\/\\\/www.b-quadrat.at\\\/wp-content\\\/uploads\\\/2025\\\/03\\\/icon-for-web.gif\",\"width\":335,\"height\":290,\"caption\":\"B-Quadrat Finanzberatungs GmbH\"},\"image\":{\"@id\":\"https:\\\/\\\/www.b-quadrat.at\\\/en\\\/#\\\/schema\\\/logo\\\/image\\\/\"},\"sameAs\":[\"https:\\\/\\\/www.facebook.com\\\/BQuadratFinanzberatung\\\/\",\"https:\\\/\\\/x.com\\\/BQuadrat_at\",\"https:\\\/\\\/www.instagram.com\\\/b.quadrat\\\/\",\"https:\\\/\\\/www.linkedin.com\\\/company\\\/b-quadrat-finanzberatungs-gmbh\\\/\",\"https:\\\/\\\/www.youtube.com\\\/channel\\\/UCyfvyeJjEdcdrdWnKasc2Cg?view_as=subscriber\"],\"description\":\"Wir sind der UNABH\u00c4NGIGE Experte f\u00fcr alle Privatkunden, insbesondere f\u00fcr alle Grenzg\u00e4nger sowie f\u00fcr alle Klein- und Mittelbetriebe in Vorarlberg. Im Vergleich zu Einzelfirmenvertretern und Bankberatern, die lediglich ihre hauseigenen Produkte verkaufen d\u00fcrfen, haben wir durch unsere Unabh\u00e4ngigkeit Zugriff auf mehr als 80 Versicherungs- und Finanzanbieter. Wir verstehen uns als Partner in immer komplexer werdenden M\u00e4rkten und geben Ihnen Orientierung im Angebotsdschungel der Versicherungen, Banken und Bausparkassen. Speziell f\u00fcr Grenzg\u00e4nger: Seit 2003 erhalten Grenzg\u00e4nger von uns eine kostenlose Auskunft und Beratung zu s\u00e4mtlichen Themen die Grenzg\u00e4nger besch\u00e4ftigen, wie z.B. die Krankenversicherung f\u00fcr Grenzg\u00e4nger, die Auswahl des passenden Bankkontos, dann helfen wir mit einer Nettolohnberechnung, der Anmeldung beim \u00f6sterreichischen Finanzamt, praktischen Steuertipps und vielen Dingen mehr. Wir arbeiten mit allen \u00f6sterreichischen Anbieter zusammen und sind in Vorarlberg der f\u00fchrende unabh\u00e4ngige Versicherungsmakler und Berater f\u00fcr Grenzg\u00e4nger. F\u00fcr unsere Dienstleistung (unabh\u00e4ngige Grenzg\u00e4ngerberatung \\\/ unabh\u00e4ngige Grenzg\u00e4ngerauskunft) entstehen Ihnen keinerlei Kosten, da wir aufgrund der Unterst\u00fctzung unserer Partner in der Lage sind eine kostenlose Beratung anzubieten. Sie finden uns in Dornbirn, dem Herzen von Vorarlberg, welches von \u00fcberall aus Vorarlberg, aber auch aus der Schweiz, dem Liechtenstein und aus Deutschland sehr gut zu erreichen ist. Vereinbaren Sie einen Termin, schreiben Sie uns eine E-Mail oder rufen Sie uns an und profitieren Sie von unserer Kompetenz in Versicherungs- und Grenzg\u00e4ngerangelegenheiten. Wir freuen uns auf Sie und Ihre Fragen! Unabh\u00e4ngig, kompetent und engagiert! Herzlichst Ihr Martin H\u00e4usler\",\"email\":\"office@b-quadrat.at\",\"telephone\":\"+43 5572 398770\",\"legalName\":\"B-Quadrat Finanzberatungs GmbH\",\"foundingDate\":\"2003-01-01\",\"numberOfEmployees\":{\"@type\":\"QuantitativeValue\",\"minValue\":\"1\",\"maxValue\":\"10\"}}]}<\/script>\n<!-- \/ Yoast SEO Premium plugin. -->","yoast_head_json":{"title":"Continued payment of wages for cross-border commuters to Switzerland \/ Liechtenstein","description":"The continued payment of wages for cross-border commuters is an important issue that should be regulated in the employment contract right from the start.","robots":{"index":"index","follow":"follow","max-snippet":"max-snippet:-1","max-image-preview":"max-image-preview:large","max-video-preview":"max-video-preview:-1"},"canonical":"https:\/\/www.b-quadrat.at\/en\/cross-border-commuter\/continued-payment-of-wages-for-cross-border-commuters-to-switzerland-liechtenstein\/","og_locale":"en_US","og_type":"article","og_title":"Continued payment of wages for cross-border commuters to Switzerland \/ Liechtenstein","og_description":"The continued payment of wages for cross-border commuters is an important issue that should be regulated in the employment contract right from the start.","og_url":"https:\/\/www.b-quadrat.at\/en\/cross-border-commuter\/continued-payment-of-wages-for-cross-border-commuters-to-switzerland-liechtenstein\/","og_site_name":"B-Quadrat | Versicherungsmakler. Grenzg\u00e4ngerexperte. Kreditmakler.","article_publisher":"https:\/\/www.facebook.com\/BQuadratFinanzberatung\/","article_modified_time":"2025-05-26T12:08:46+00:00","twitter_card":"summary_large_image","twitter_site":"@BQuadrat_at","twitter_misc":{"Est. reading time":"4 minutes"},"schema":{"@context":"https:\/\/schema.org","@graph":[{"@type":"WebPage","@id":"https:\/\/www.b-quadrat.at\/en\/cross-border-commuter\/continued-payment-of-wages-for-cross-border-commuters-to-switzerland-liechtenstein\/","url":"https:\/\/www.b-quadrat.at\/en\/cross-border-commuter\/continued-payment-of-wages-for-cross-border-commuters-to-switzerland-liechtenstein\/","name":"Continued payment of wages for cross-border commuters to Switzerland \/ Liechtenstein","isPartOf":{"@id":"https:\/\/www.b-quadrat.at\/en\/#website"},"datePublished":"2020-03-24T20:10:26+00:00","dateModified":"2025-05-26T12:08:46+00:00","description":"The continued payment of wages for cross-border commuters is an important issue that should be regulated in the employment contract right from the start.","breadcrumb":{"@id":"https:\/\/www.b-quadrat.at\/en\/cross-border-commuter\/continued-payment-of-wages-for-cross-border-commuters-to-switzerland-liechtenstein\/#breadcrumb"},"inLanguage":"en-US","potentialAction":[{"@type":"ReadAction","target":["https:\/\/www.b-quadrat.at\/en\/cross-border-commuter\/continued-payment-of-wages-for-cross-border-commuters-to-switzerland-liechtenstein\/"]}]},{"@type":"BreadcrumbList","@id":"https:\/\/www.b-quadrat.at\/en\/cross-border-commuter\/continued-payment-of-wages-for-cross-border-commuters-to-switzerland-liechtenstein\/#breadcrumb","itemListElement":[{"@type":"ListItem","position":1,"name":"Startseite","item":"https:\/\/www.b-quadrat.at\/en\/"},{"@type":"ListItem","position":2,"name":"Cross-border commuter","item":"https:\/\/www.b-quadrat.at\/en\/cross-border-commuter\/"},{"@type":"ListItem","position":3,"name":"Continued payment of wages for cross-border commuters to Switzerland \/ Liechtenstein"}]},{"@type":"WebSite","@id":"https:\/\/www.b-quadrat.at\/en\/#website","url":"https:\/\/www.b-quadrat.at\/en\/","name":"B-Quadrat | Versicherungsmakler. Grenzg\u00e4ngerexperte. Kreditmakler.","description":"","publisher":{"@id":"https:\/\/www.b-quadrat.at\/en\/#organization"},"potentialAction":[{"@type":"SearchAction","target":{"@type":"EntryPoint","urlTemplate":"https:\/\/www.b-quadrat.at\/en\/?s={search_term_string}"},"query-input":{"@type":"PropertyValueSpecification","valueRequired":true,"valueName":"search_term_string"}}],"inLanguage":"en-US"},{"@type":"Organization","@id":"https:\/\/www.b-quadrat.at\/en\/#organization","name":"B-Quadrat Finanzberatungs GmbH","alternateName":"B-Quadrat","url":"https:\/\/www.b-quadrat.at\/en\/","logo":{"@type":"ImageObject","inLanguage":"en-US","@id":"https:\/\/www.b-quadrat.at\/en\/#\/schema\/logo\/image\/","url":"https:\/\/www.b-quadrat.at\/wp-content\/uploads\/2025\/03\/icon-for-web.gif","contentUrl":"https:\/\/www.b-quadrat.at\/wp-content\/uploads\/2025\/03\/icon-for-web.gif","width":335,"height":290,"caption":"B-Quadrat Finanzberatungs GmbH"},"image":{"@id":"https:\/\/www.b-quadrat.at\/en\/#\/schema\/logo\/image\/"},"sameAs":["https:\/\/www.facebook.com\/BQuadratFinanzberatung\/","https:\/\/x.com\/BQuadrat_at","https:\/\/www.instagram.com\/b.quadrat\/","https:\/\/www.linkedin.com\/company\/b-quadrat-finanzberatungs-gmbh\/","https:\/\/www.youtube.com\/channel\/UCyfvyeJjEdcdrdWnKasc2Cg?view_as=subscriber"],"description":"Wir sind der UNABH\u00c4NGIGE Experte f\u00fcr alle Privatkunden, insbesondere f\u00fcr alle Grenzg\u00e4nger sowie f\u00fcr alle Klein- und Mittelbetriebe in Vorarlberg. Im Vergleich zu Einzelfirmenvertretern und Bankberatern, die lediglich ihre hauseigenen Produkte verkaufen d\u00fcrfen, haben wir durch unsere Unabh\u00e4ngigkeit Zugriff auf mehr als 80 Versicherungs- und Finanzanbieter. Wir verstehen uns als Partner in immer komplexer werdenden M\u00e4rkten und geben Ihnen Orientierung im Angebotsdschungel der Versicherungen, Banken und Bausparkassen. Speziell f\u00fcr Grenzg\u00e4nger: Seit 2003 erhalten Grenzg\u00e4nger von uns eine kostenlose Auskunft und Beratung zu s\u00e4mtlichen Themen die Grenzg\u00e4nger besch\u00e4ftigen, wie z.B. die Krankenversicherung f\u00fcr Grenzg\u00e4nger, die Auswahl des passenden Bankkontos, dann helfen wir mit einer Nettolohnberechnung, der Anmeldung beim \u00f6sterreichischen Finanzamt, praktischen Steuertipps und vielen Dingen mehr. Wir arbeiten mit allen \u00f6sterreichischen Anbieter zusammen und sind in Vorarlberg der f\u00fchrende unabh\u00e4ngige Versicherungsmakler und Berater f\u00fcr Grenzg\u00e4nger. F\u00fcr unsere Dienstleistung (unabh\u00e4ngige Grenzg\u00e4ngerberatung \/ unabh\u00e4ngige Grenzg\u00e4ngerauskunft) entstehen Ihnen keinerlei Kosten, da wir aufgrund der Unterst\u00fctzung unserer Partner in der Lage sind eine kostenlose Beratung anzubieten. Sie finden uns in Dornbirn, dem Herzen von Vorarlberg, welches von \u00fcberall aus Vorarlberg, aber auch aus der Schweiz, dem Liechtenstein und aus Deutschland sehr gut zu erreichen ist. Vereinbaren Sie einen Termin, schreiben Sie uns eine E-Mail oder rufen Sie uns an und profitieren Sie von unserer Kompetenz in Versicherungs- und Grenzg\u00e4ngerangelegenheiten. Wir freuen uns auf Sie und Ihre Fragen! Unabh\u00e4ngig, kompetent und engagiert! Herzlichst Ihr Martin H\u00e4usler","email":"office@b-quadrat.at","telephone":"+43 5572 398770","legalName":"B-Quadrat Finanzberatungs GmbH","foundingDate":"2003-01-01","numberOfEmployees":{"@type":"QuantitativeValue","minValue":"1","maxValue":"10"}}]}},"_links":{"self":[{"href":"https:\/\/www.b-quadrat.at\/en\/wp-json\/wp\/v2\/pages\/9238","targetHints":{"allow":["GET"]}}],"collection":[{"href":"https:\/\/www.b-quadrat.at\/en\/wp-json\/wp\/v2\/pages"}],"about":[{"href":"https:\/\/www.b-quadrat.at\/en\/wp-json\/wp\/v2\/types\/page"}],"author":[{"embeddable":true,"href":"https:\/\/www.b-quadrat.at\/en\/wp-json\/wp\/v2\/users\/2"}],"replies":[{"embeddable":true,"href":"https:\/\/www.b-quadrat.at\/en\/wp-json\/wp\/v2\/comments?post=9238"}],"version-history":[{"count":3,"href":"https:\/\/www.b-quadrat.at\/en\/wp-json\/wp\/v2\/pages\/9238\/revisions"}],"predecessor-version":[{"id":9241,"href":"https:\/\/www.b-quadrat.at\/en\/wp-json\/wp\/v2\/pages\/9238\/revisions\/9241"}],"up":[{"embeddable":true,"href":"https:\/\/www.b-quadrat.at\/en\/wp-json\/wp\/v2\/pages\/9255"}],"wp:attachment":[{"href":"https:\/\/www.b-quadrat.at\/en\/wp-json\/wp\/v2\/media?parent=9238"}],"curies":[{"name":"wp","href":"https:\/\/api.w.org\/{rel}","templated":true}]}}