{"id":9229,"date":"2020-03-24T18:55:50","date_gmt":"2020-03-24T16:55:50","guid":{"rendered":"https:\/\/www.b-quadrat.at\/unemployment-insurance-for-cross-border-commuters-to-switzerland-liechtenstein\/"},"modified":"2025-05-26T14:08:46","modified_gmt":"2025-05-26T12:08:46","slug":"unemployment-insurance-for-cross-border-commuters-to-switzerland-liechtenstein","status":"publish","type":"page","link":"https:\/\/www.b-quadrat.at\/en\/cross-border-commuter\/unemployment-insurance-for-cross-border-commuters-to-switzerland-liechtenstein\/","title":{"rendered":"Unemployment insurance for cross-border commuters to Switzerland \/ Liechtenstein"},"content":{"rendered":"[vc_row][vc_column][vc_column_text]\n<h1><strong><span style=\"font-family: verdana, geneva, sans-serif;\">Unemployment insurance for cross-border commuters<br \/>\n<\/span><\/strong><em><span style=\"font-family: verdana, geneva, sans-serif;\">Cross-border commuters from Austria to Switzerland \/ Liechtenstein<\/span><\/em><\/h1>\n<p><span style=\"font-family: verdana, geneva, sans-serif; font-size: 12pt;\">Unemployment insurance (ALV) for cross-border commuters in Switzerland and Liechtenstein is a mandatory social insurance scheme.<\/span>[\/vc_column_text][\/vc_column][\/vc_row][vc_row][vc_column][vc_single_image image=&#8221;9140&#8243; img_size=&#8221;full&#8221; alignment=&#8221;center&#8221;][\/vc_column][\/vc_row][vc_row][vc_column][vc_column_text]\n<p style=\"text-align: justify;\"><span style=\"font-family: verdana, geneva, sans-serif; font-size: 12pt;\">All employees subject to AHV contributions and their employers must pay contributions to the ALV. Employers and employees each pay half of the contributions. <\/span><\/p>\n[\/vc_column_text][\/vc_column][\/vc_row][vc_row][vc_column][vc_column_text]\n<h2><span style=\"font-family: verdana, geneva, sans-serif;\">Unemployment insurance benefit for cross-border commuters<\/span><\/h2>\n<p style=\"text-align: justify;\"><span style=\"font-family: verdana, geneva, sans-serif; font-size: 12pt;\">If cross-border commuters become unemployed, they are not entitled to unemployment benefit in the country of employment, i.e. Switzerland or Liechtenstein, but in their country of residence, i.e. Austria. Cross-border commuters therefore receive unemployment benefit in accordance with the legislation in their country of residence as if they had been employed there.   <\/span><\/p>\n<p style=\"text-align: justify;\"><span style=\"font-family: verdana, geneva, sans-serif; font-size: 12pt;\">Apply for a <a title=\"Form U1\" href=\"https:\/\/europa.eu\/youreurope\/citizens\/work\/social-security-forms\/index_de.htm#u1\" target=\"_blank\" rel=\"noopener noreferrer\">U1 form<\/a> from the national employment agency in the country where you worked to provide proof of your working hours abroad and submit the form in your country of residence.<\/span><\/p>\n<p style=\"text-align: justify;\"><span style=\"font-family: verdana, geneva, sans-serif; font-size: 12pt;\">  The salary that the cross-border commuter received in the country of employment is used as the basis for assessment.<\/span><\/p>\n[\/vc_column_text][\/vc_column][\/vc_row][vc_row bg_type=&#8221;bg_color&#8221; bg_color_value=&#8221;#000f8a&#8221;][vc_column][vc_column_text]\n<h2><span style=\"font-size: 14pt; color: #ffffff;\"><strong><span style=\"font-family: verdana, geneva, sans-serif;\">Professional advice for cross-border commuters since 2003<\/span><\/strong><\/span><\/h2>\n<p><span style=\"font-family: verdana, geneva, sans-serif; font-size: 12pt; color: #ffffff;\">&gt;  Free and non-binding advice<\/span><br \/>\n<span style=\"font-family: verdana, geneva, sans-serif; font-size: 12pt; color: #ffffff;\">&gt;  Best health insurance for cross-border commuters<\/span><br \/>\n<span style=\"font-family: verdana, geneva, sans-serif; font-size: 12pt; color: #ffffff;\">&gt; <a style=\"color: #ffffff;\" href=\"https:\/\/www.b-quadrat.at\/grenzgaenger\/nettolohnberechnung-fuer-grenzgaenger-in-die-schweiz-liechtenstein\/\" target=\"_blank\" rel=\"noopener\">Gross-net calculation<\/a> and practical tax tips<br \/>\n&gt; Help with registering with the tax office<br \/>\n&gt; Tips on currency exchange, bank accounts and much more<\/span>[\/vc_column_text][vc_btn title=&#8221;Arrange a consultation now&#8221; color=&#8221;danger&#8221; align=&#8221;center&#8221; button_block=&#8221;true&#8221; link=&#8221;url:https%3A%2F%2Fbook.timify.com%2Fservices%3FaccountId%3D5dd58034ea99b411773abb33%26hideCloseButton%3Dtrue|title:Arrange%20a%20consultation%20now|target:%20_blank|&#8221;][\/vc_column][\/vc_row][vc_row][vc_column][vc_column_text]\n<p style=\"text-align: justify;\"><span style=\"font-family: verdana, geneva, sans-serif; font-size: 12pt;\"><strong>TIP:<\/strong> If you live abroad and work in Switzerland \/ Liechtenstein with a cross-border commuter permit (G permit), you pay unemployment insurance contributions for cross-border commuters in Switzerland or Liechtenstein.  <strong>In the event of short-time working, you will be compensated by Swiss or Liechtenstein unemployment insurance. If you are made redundant, you will receive unemployment benefit in your country of residence <\/strong>However, you can benefit from public employment services in Switzerland. To do so, register with the RAV in the region where you last worked. <\/span><\/p>\n[\/vc_column_text][\/vc_column][\/vc_row][vc_row][vc_column][vc_column_text]\n<h2><span style=\"font-family: verdana, geneva, sans-serif;\">What are the unemployment insurance contribution rates for cross-border commuters?<\/span><\/h2>\n<p style=\"text-align: justify;\"><span style=\"font-family: verdana, geneva, sans-serif; font-size: 12pt;\">Up to a limit of CHF 148,200, the contribution rate to the  <\/span><span style=\"font-family: verdana, geneva, sans-serif; font-size: 12pt;\">ALV 2.2 % of the annual salary. The employer pays half of this. For salary components over 148 200    <\/span><span style=\"font-family: verdana, geneva, sans-serif; font-size: 12pt;\">francs, the contribution rate to ALV is 1% of the annual salary (with no upper limit). The graduation of the contribution rate applies to   <\/span><span style=\"font-family: verdana, geneva, sans-serif; font-size: 12pt;\">each individual employment relationship.  <\/span><\/p>\n[\/vc_column_text][\/vc_column][\/vc_row][vc_row bg_type=&#8221;bg_color&#8221; bg_color_value=&#8221;#000f8a&#8221;][vc_column][vc_column_text]\n<h2><span style=\"color: #ffffff; font-size: 14pt;\"><strong><span style=\"font-family: verdana, geneva, sans-serif;\">Health insurance &#8211; comparison for cross-border commuters<\/span><\/strong><\/span><\/h2>\n<p><span style=\"font-family: verdana, geneva, sans-serif; font-size: 12pt; color: #ffffff;\">&gt;  Comparison of the best tariffs<\/span><br \/>\n<span style=\"font-family: verdana, geneva, sans-serif; font-size: 12pt; color: #ffffff;\">&gt;  With guarantee nowhere cheaper than at B-Quadrat<\/span><br \/>\n<span style=\"font-family: verdana, geneva, sans-serif; font-size: 12pt; color: #ffffff;\">&gt;  Independent and objective<\/span>[\/vc_column_text][vc_btn title=&#8221;Request a quote now&#8221; color=&#8221;danger&#8221; align=&#8221;center&#8221; button_block=&#8221;true&#8221; link=&#8221;url:https%3A%2F%2Fgrenzgaengerversicherung.at%2Fangebot-grenzgaengerversicherung-anfordern|title:Request%20a%20quote%20now|target:%20_blank|&#8221;][\/vc_column][\/vc_row][vc_row][vc_column][vc_empty_space height=&#8221;55px&#8221;][vc_widget_sidebar sidebar_id=&#8221;sidebar-19&#8243;][\/vc_column][\/vc_row]\n","protected":false},"excerpt":{"rendered":"<p>[vc_row][vc_column][vc_column_text] Unemployment insurance for cross-border commuters Cross-border commuters from Austria to Switzerland \/ Liechtenstein Unemployment insurance (ALV) for cross-border commuters in Switzerland and Liechtenstein is a mandatory social insurance scheme.[\/vc_column_text][\/vc_column][\/vc_row][vc_row][vc_column][vc_single_image image=&#8221;9140&#8243; img_size=&#8221;full&#8221; alignment=&#8221;center&#8221;][\/vc_column][\/vc_row][vc_row][vc_column][vc_column_text] All employees subject to AHV contributions and their employers must pay contributions to the<\/p>\n","protected":false},"author":2,"featured_media":0,"parent":9255,"menu_order":0,"comment_status":"closed","ping_status":"closed","template":"page-FullWidth.php","meta":{"_monsterinsights_skip_tracking":false,"_monsterinsights_sitenote_active":false,"_monsterinsights_sitenote_note":"","_monsterinsights_sitenote_category":0,"footnotes":"","_links_to":"","_links_to_target":""},"class_list":["post-9229","page","type-page","status-publish","hentry"],"yoast_head":"<!-- This site is optimized with the Yoast SEO Premium plugin v26.4 (Yoast SEO v27.3) - https:\/\/yoast.com\/product\/yoast-seo-premium-wordpress\/ -->\n<title>Unemployment insurance for cross-border commuters (Switzerland\/Liechtenstein)<\/title>\n<meta name=\"description\" content=\"Unemployment insurance for cross-border commuters (ALV) protects you if you lose your job. Find out more about the benefits, contributions, etc.\" \/>\n<meta name=\"robots\" content=\"index, follow, max-snippet:-1, max-image-preview:large, max-video-preview:-1\" \/>\n<link rel=\"canonical\" href=\"https:\/\/www.b-quadrat.at\/en\/cross-border-commuter\/unemployment-insurance-for-cross-border-commuters-to-switzerland-liechtenstein\/\" \/>\n<meta property=\"og:locale\" content=\"en_US\" \/>\n<meta property=\"og:type\" content=\"article\" \/>\n<meta property=\"og:title\" content=\"Unemployment insurance for cross-border commuters to Switzerland \/ Liechtenstein\" \/>\n<meta property=\"og:description\" content=\"Unemployment insurance for cross-border commuters (ALV) protects you if you lose your job. Find out more about the benefits, contributions, etc.\" \/>\n<meta property=\"og:url\" content=\"https:\/\/www.b-quadrat.at\/en\/cross-border-commuter\/unemployment-insurance-for-cross-border-commuters-to-switzerland-liechtenstein\/\" \/>\n<meta property=\"og:site_name\" content=\"B-Quadrat | Versicherungsmakler. Grenzg\u00e4ngerexperte. Kreditmakler.\" \/>\n<meta property=\"article:publisher\" content=\"https:\/\/www.facebook.com\/BQuadratFinanzberatung\/\" \/>\n<meta property=\"article:modified_time\" content=\"2025-05-26T12:08:46+00:00\" \/>\n<meta name=\"twitter:card\" content=\"summary_large_image\" \/>\n<meta name=\"twitter:site\" content=\"@BQuadrat_at\" \/>\n<meta name=\"twitter:label1\" content=\"Est. reading time\" \/>\n\t<meta name=\"twitter:data1\" content=\"3 minutes\" \/>\n<script type=\"application\/ld+json\" class=\"yoast-schema-graph\">{\"@context\":\"https:\\\/\\\/schema.org\",\"@graph\":[{\"@type\":\"WebPage\",\"@id\":\"https:\\\/\\\/www.b-quadrat.at\\\/en\\\/cross-border-commuter\\\/unemployment-insurance-for-cross-border-commuters-to-switzerland-liechtenstein\\\/\",\"url\":\"https:\\\/\\\/www.b-quadrat.at\\\/en\\\/cross-border-commuter\\\/unemployment-insurance-for-cross-border-commuters-to-switzerland-liechtenstein\\\/\",\"name\":\"Unemployment insurance for cross-border commuters (Switzerland\\\/Liechtenstein)\",\"isPartOf\":{\"@id\":\"https:\\\/\\\/www.b-quadrat.at\\\/en\\\/#website\"},\"datePublished\":\"2020-03-24T16:55:50+00:00\",\"dateModified\":\"2025-05-26T12:08:46+00:00\",\"description\":\"Unemployment insurance for cross-border commuters (ALV) protects you if you lose your job. Find out more about the benefits, contributions, etc.\",\"breadcrumb\":{\"@id\":\"https:\\\/\\\/www.b-quadrat.at\\\/en\\\/cross-border-commuter\\\/unemployment-insurance-for-cross-border-commuters-to-switzerland-liechtenstein\\\/#breadcrumb\"},\"inLanguage\":\"en-US\",\"potentialAction\":[{\"@type\":\"ReadAction\",\"target\":[\"https:\\\/\\\/www.b-quadrat.at\\\/en\\\/cross-border-commuter\\\/unemployment-insurance-for-cross-border-commuters-to-switzerland-liechtenstein\\\/\"]}]},{\"@type\":\"BreadcrumbList\",\"@id\":\"https:\\\/\\\/www.b-quadrat.at\\\/en\\\/cross-border-commuter\\\/unemployment-insurance-for-cross-border-commuters-to-switzerland-liechtenstein\\\/#breadcrumb\",\"itemListElement\":[{\"@type\":\"ListItem\",\"position\":1,\"name\":\"Startseite\",\"item\":\"https:\\\/\\\/www.b-quadrat.at\\\/en\\\/\"},{\"@type\":\"ListItem\",\"position\":2,\"name\":\"Cross-border commuter\",\"item\":\"https:\\\/\\\/www.b-quadrat.at\\\/en\\\/cross-border-commuter\\\/\"},{\"@type\":\"ListItem\",\"position\":3,\"name\":\"Unemployment insurance for cross-border commuters to Switzerland \\\/ Liechtenstein\"}]},{\"@type\":\"WebSite\",\"@id\":\"https:\\\/\\\/www.b-quadrat.at\\\/en\\\/#website\",\"url\":\"https:\\\/\\\/www.b-quadrat.at\\\/en\\\/\",\"name\":\"B-Quadrat | Versicherungsmakler. Grenzg\u00e4ngerexperte. Kreditmakler.\",\"description\":\"\",\"publisher\":{\"@id\":\"https:\\\/\\\/www.b-quadrat.at\\\/en\\\/#organization\"},\"potentialAction\":[{\"@type\":\"SearchAction\",\"target\":{\"@type\":\"EntryPoint\",\"urlTemplate\":\"https:\\\/\\\/www.b-quadrat.at\\\/en\\\/?s={search_term_string}\"},\"query-input\":{\"@type\":\"PropertyValueSpecification\",\"valueRequired\":true,\"valueName\":\"search_term_string\"}}],\"inLanguage\":\"en-US\"},{\"@type\":\"Organization\",\"@id\":\"https:\\\/\\\/www.b-quadrat.at\\\/en\\\/#organization\",\"name\":\"B-Quadrat Finanzberatungs GmbH\",\"alternateName\":\"B-Quadrat\",\"url\":\"https:\\\/\\\/www.b-quadrat.at\\\/en\\\/\",\"logo\":{\"@type\":\"ImageObject\",\"inLanguage\":\"en-US\",\"@id\":\"https:\\\/\\\/www.b-quadrat.at\\\/en\\\/#\\\/schema\\\/logo\\\/image\\\/\",\"url\":\"https:\\\/\\\/www.b-quadrat.at\\\/wp-content\\\/uploads\\\/2025\\\/03\\\/icon-for-web.gif\",\"contentUrl\":\"https:\\\/\\\/www.b-quadrat.at\\\/wp-content\\\/uploads\\\/2025\\\/03\\\/icon-for-web.gif\",\"width\":335,\"height\":290,\"caption\":\"B-Quadrat Finanzberatungs GmbH\"},\"image\":{\"@id\":\"https:\\\/\\\/www.b-quadrat.at\\\/en\\\/#\\\/schema\\\/logo\\\/image\\\/\"},\"sameAs\":[\"https:\\\/\\\/www.facebook.com\\\/BQuadratFinanzberatung\\\/\",\"https:\\\/\\\/x.com\\\/BQuadrat_at\",\"https:\\\/\\\/www.instagram.com\\\/b.quadrat\\\/\",\"https:\\\/\\\/www.linkedin.com\\\/company\\\/b-quadrat-finanzberatungs-gmbh\\\/\",\"https:\\\/\\\/www.youtube.com\\\/channel\\\/UCyfvyeJjEdcdrdWnKasc2Cg?view_as=subscriber\"],\"description\":\"Wir sind der UNABH\u00c4NGIGE Experte f\u00fcr alle Privatkunden, insbesondere f\u00fcr alle Grenzg\u00e4nger sowie f\u00fcr alle Klein- und Mittelbetriebe in Vorarlberg. Im Vergleich zu Einzelfirmenvertretern und Bankberatern, die lediglich ihre hauseigenen Produkte verkaufen d\u00fcrfen, haben wir durch unsere Unabh\u00e4ngigkeit Zugriff auf mehr als 80 Versicherungs- und Finanzanbieter. Wir verstehen uns als Partner in immer komplexer werdenden M\u00e4rkten und geben Ihnen Orientierung im Angebotsdschungel der Versicherungen, Banken und Bausparkassen. Speziell f\u00fcr Grenzg\u00e4nger: Seit 2003 erhalten Grenzg\u00e4nger von uns eine kostenlose Auskunft und Beratung zu s\u00e4mtlichen Themen die Grenzg\u00e4nger besch\u00e4ftigen, wie z.B. die Krankenversicherung f\u00fcr Grenzg\u00e4nger, die Auswahl des passenden Bankkontos, dann helfen wir mit einer Nettolohnberechnung, der Anmeldung beim \u00f6sterreichischen Finanzamt, praktischen Steuertipps und vielen Dingen mehr. Wir arbeiten mit allen \u00f6sterreichischen Anbieter zusammen und sind in Vorarlberg der f\u00fchrende unabh\u00e4ngige Versicherungsmakler und Berater f\u00fcr Grenzg\u00e4nger. F\u00fcr unsere Dienstleistung (unabh\u00e4ngige Grenzg\u00e4ngerberatung \\\/ unabh\u00e4ngige Grenzg\u00e4ngerauskunft) entstehen Ihnen keinerlei Kosten, da wir aufgrund der Unterst\u00fctzung unserer Partner in der Lage sind eine kostenlose Beratung anzubieten. Sie finden uns in Dornbirn, dem Herzen von Vorarlberg, welches von \u00fcberall aus Vorarlberg, aber auch aus der Schweiz, dem Liechtenstein und aus Deutschland sehr gut zu erreichen ist. Vereinbaren Sie einen Termin, schreiben Sie uns eine E-Mail oder rufen Sie uns an und profitieren Sie von unserer Kompetenz in Versicherungs- und Grenzg\u00e4ngerangelegenheiten. Wir freuen uns auf Sie und Ihre Fragen! Unabh\u00e4ngig, kompetent und engagiert! Herzlichst Ihr Martin H\u00e4usler\",\"email\":\"office@b-quadrat.at\",\"telephone\":\"+43 5572 398770\",\"legalName\":\"B-Quadrat Finanzberatungs GmbH\",\"foundingDate\":\"2003-01-01\",\"numberOfEmployees\":{\"@type\":\"QuantitativeValue\",\"minValue\":\"1\",\"maxValue\":\"10\"}}]}<\/script>\n<!-- \/ Yoast SEO Premium plugin. -->","yoast_head_json":{"title":"Unemployment insurance for cross-border commuters (Switzerland\/Liechtenstein)","description":"Unemployment insurance for cross-border commuters (ALV) protects you if you lose your job. Find out more about the benefits, contributions, etc.","robots":{"index":"index","follow":"follow","max-snippet":"max-snippet:-1","max-image-preview":"max-image-preview:large","max-video-preview":"max-video-preview:-1"},"canonical":"https:\/\/www.b-quadrat.at\/en\/cross-border-commuter\/unemployment-insurance-for-cross-border-commuters-to-switzerland-liechtenstein\/","og_locale":"en_US","og_type":"article","og_title":"Unemployment insurance for cross-border commuters to Switzerland \/ Liechtenstein","og_description":"Unemployment insurance for cross-border commuters (ALV) protects you if you lose your job. Find out more about the benefits, contributions, etc.","og_url":"https:\/\/www.b-quadrat.at\/en\/cross-border-commuter\/unemployment-insurance-for-cross-border-commuters-to-switzerland-liechtenstein\/","og_site_name":"B-Quadrat | Versicherungsmakler. Grenzg\u00e4ngerexperte. Kreditmakler.","article_publisher":"https:\/\/www.facebook.com\/BQuadratFinanzberatung\/","article_modified_time":"2025-05-26T12:08:46+00:00","twitter_card":"summary_large_image","twitter_site":"@BQuadrat_at","twitter_misc":{"Est. reading time":"3 minutes"},"schema":{"@context":"https:\/\/schema.org","@graph":[{"@type":"WebPage","@id":"https:\/\/www.b-quadrat.at\/en\/cross-border-commuter\/unemployment-insurance-for-cross-border-commuters-to-switzerland-liechtenstein\/","url":"https:\/\/www.b-quadrat.at\/en\/cross-border-commuter\/unemployment-insurance-for-cross-border-commuters-to-switzerland-liechtenstein\/","name":"Unemployment insurance for cross-border commuters (Switzerland\/Liechtenstein)","isPartOf":{"@id":"https:\/\/www.b-quadrat.at\/en\/#website"},"datePublished":"2020-03-24T16:55:50+00:00","dateModified":"2025-05-26T12:08:46+00:00","description":"Unemployment insurance for cross-border commuters (ALV) protects you if you lose your job. Find out more about the benefits, contributions, etc.","breadcrumb":{"@id":"https:\/\/www.b-quadrat.at\/en\/cross-border-commuter\/unemployment-insurance-for-cross-border-commuters-to-switzerland-liechtenstein\/#breadcrumb"},"inLanguage":"en-US","potentialAction":[{"@type":"ReadAction","target":["https:\/\/www.b-quadrat.at\/en\/cross-border-commuter\/unemployment-insurance-for-cross-border-commuters-to-switzerland-liechtenstein\/"]}]},{"@type":"BreadcrumbList","@id":"https:\/\/www.b-quadrat.at\/en\/cross-border-commuter\/unemployment-insurance-for-cross-border-commuters-to-switzerland-liechtenstein\/#breadcrumb","itemListElement":[{"@type":"ListItem","position":1,"name":"Startseite","item":"https:\/\/www.b-quadrat.at\/en\/"},{"@type":"ListItem","position":2,"name":"Cross-border commuter","item":"https:\/\/www.b-quadrat.at\/en\/cross-border-commuter\/"},{"@type":"ListItem","position":3,"name":"Unemployment insurance for cross-border commuters to Switzerland \/ Liechtenstein"}]},{"@type":"WebSite","@id":"https:\/\/www.b-quadrat.at\/en\/#website","url":"https:\/\/www.b-quadrat.at\/en\/","name":"B-Quadrat | Versicherungsmakler. Grenzg\u00e4ngerexperte. Kreditmakler.","description":"","publisher":{"@id":"https:\/\/www.b-quadrat.at\/en\/#organization"},"potentialAction":[{"@type":"SearchAction","target":{"@type":"EntryPoint","urlTemplate":"https:\/\/www.b-quadrat.at\/en\/?s={search_term_string}"},"query-input":{"@type":"PropertyValueSpecification","valueRequired":true,"valueName":"search_term_string"}}],"inLanguage":"en-US"},{"@type":"Organization","@id":"https:\/\/www.b-quadrat.at\/en\/#organization","name":"B-Quadrat Finanzberatungs GmbH","alternateName":"B-Quadrat","url":"https:\/\/www.b-quadrat.at\/en\/","logo":{"@type":"ImageObject","inLanguage":"en-US","@id":"https:\/\/www.b-quadrat.at\/en\/#\/schema\/logo\/image\/","url":"https:\/\/www.b-quadrat.at\/wp-content\/uploads\/2025\/03\/icon-for-web.gif","contentUrl":"https:\/\/www.b-quadrat.at\/wp-content\/uploads\/2025\/03\/icon-for-web.gif","width":335,"height":290,"caption":"B-Quadrat Finanzberatungs GmbH"},"image":{"@id":"https:\/\/www.b-quadrat.at\/en\/#\/schema\/logo\/image\/"},"sameAs":["https:\/\/www.facebook.com\/BQuadratFinanzberatung\/","https:\/\/x.com\/BQuadrat_at","https:\/\/www.instagram.com\/b.quadrat\/","https:\/\/www.linkedin.com\/company\/b-quadrat-finanzberatungs-gmbh\/","https:\/\/www.youtube.com\/channel\/UCyfvyeJjEdcdrdWnKasc2Cg?view_as=subscriber"],"description":"Wir sind der UNABH\u00c4NGIGE Experte f\u00fcr alle Privatkunden, insbesondere f\u00fcr alle Grenzg\u00e4nger sowie f\u00fcr alle Klein- und Mittelbetriebe in Vorarlberg. Im Vergleich zu Einzelfirmenvertretern und Bankberatern, die lediglich ihre hauseigenen Produkte verkaufen d\u00fcrfen, haben wir durch unsere Unabh\u00e4ngigkeit Zugriff auf mehr als 80 Versicherungs- und Finanzanbieter. Wir verstehen uns als Partner in immer komplexer werdenden M\u00e4rkten und geben Ihnen Orientierung im Angebotsdschungel der Versicherungen, Banken und Bausparkassen. Speziell f\u00fcr Grenzg\u00e4nger: Seit 2003 erhalten Grenzg\u00e4nger von uns eine kostenlose Auskunft und Beratung zu s\u00e4mtlichen Themen die Grenzg\u00e4nger besch\u00e4ftigen, wie z.B. die Krankenversicherung f\u00fcr Grenzg\u00e4nger, die Auswahl des passenden Bankkontos, dann helfen wir mit einer Nettolohnberechnung, der Anmeldung beim \u00f6sterreichischen Finanzamt, praktischen Steuertipps und vielen Dingen mehr. Wir arbeiten mit allen \u00f6sterreichischen Anbieter zusammen und sind in Vorarlberg der f\u00fchrende unabh\u00e4ngige Versicherungsmakler und Berater f\u00fcr Grenzg\u00e4nger. F\u00fcr unsere Dienstleistung (unabh\u00e4ngige Grenzg\u00e4ngerberatung \/ unabh\u00e4ngige Grenzg\u00e4ngerauskunft) entstehen Ihnen keinerlei Kosten, da wir aufgrund der Unterst\u00fctzung unserer Partner in der Lage sind eine kostenlose Beratung anzubieten. Sie finden uns in Dornbirn, dem Herzen von Vorarlberg, welches von \u00fcberall aus Vorarlberg, aber auch aus der Schweiz, dem Liechtenstein und aus Deutschland sehr gut zu erreichen ist. Vereinbaren Sie einen Termin, schreiben Sie uns eine E-Mail oder rufen Sie uns an und profitieren Sie von unserer Kompetenz in Versicherungs- und Grenzg\u00e4ngerangelegenheiten. Wir freuen uns auf Sie und Ihre Fragen! Unabh\u00e4ngig, kompetent und engagiert! Herzlichst Ihr Martin H\u00e4usler","email":"office@b-quadrat.at","telephone":"+43 5572 398770","legalName":"B-Quadrat Finanzberatungs GmbH","foundingDate":"2003-01-01","numberOfEmployees":{"@type":"QuantitativeValue","minValue":"1","maxValue":"10"}}]}},"_links":{"self":[{"href":"https:\/\/www.b-quadrat.at\/en\/wp-json\/wp\/v2\/pages\/9229","targetHints":{"allow":["GET"]}}],"collection":[{"href":"https:\/\/www.b-quadrat.at\/en\/wp-json\/wp\/v2\/pages"}],"about":[{"href":"https:\/\/www.b-quadrat.at\/en\/wp-json\/wp\/v2\/types\/page"}],"author":[{"embeddable":true,"href":"https:\/\/www.b-quadrat.at\/en\/wp-json\/wp\/v2\/users\/2"}],"replies":[{"embeddable":true,"href":"https:\/\/www.b-quadrat.at\/en\/wp-json\/wp\/v2\/comments?post=9229"}],"version-history":[{"count":3,"href":"https:\/\/www.b-quadrat.at\/en\/wp-json\/wp\/v2\/pages\/9229\/revisions"}],"predecessor-version":[{"id":9233,"href":"https:\/\/www.b-quadrat.at\/en\/wp-json\/wp\/v2\/pages\/9229\/revisions\/9233"}],"up":[{"embeddable":true,"href":"https:\/\/www.b-quadrat.at\/en\/wp-json\/wp\/v2\/pages\/9255"}],"wp:attachment":[{"href":"https:\/\/www.b-quadrat.at\/en\/wp-json\/wp\/v2\/media?parent=9229"}],"curies":[{"name":"wp","href":"https:\/\/api.w.org\/{rel}","templated":true}]}}