{"id":9205,"date":"2019-04-29T20:52:16","date_gmt":"2019-04-29T18:52:16","guid":{"rendered":"https:\/\/www.b-quadrat.at\/request-a-quote-for-legal-protection-for-cross-border-commuters\/"},"modified":"2025-05-26T14:02:43","modified_gmt":"2025-05-26T12:02:43","slug":"request-a-quote-for-legal-protection-for-cross-border-commuters","status":"publish","type":"page","link":"https:\/\/www.b-quadrat.at\/en\/cross-border-commuter\/legal-protection-for-cross-border-commuters\/request-a-quote-for-legal-protection-for-cross-border-commuters\/","title":{"rendered":"Request a quote for legal protection for cross-border commuters"},"content":{"rendered":"[vc_row][vc_column][vc_column_text]\n<div class=\"wpcf7 no-js\" id=\"wpcf7-f9330-o1\" lang=\"en-US\" dir=\"ltr\" data-wpcf7-id=\"9330\">\n<div class=\"screen-reader-response\"><p role=\"status\" aria-live=\"polite\" aria-atomic=\"true\"><\/p> <ul><\/ul><\/div>\n<form action=\"\/en\/wp-json\/wp\/v2\/pages\/9205#wpcf7-f9330-o1\" method=\"post\" class=\"wpcf7-form init\" aria-label=\"Contact form\" novalidate=\"novalidate\" data-status=\"init\">\n<fieldset class=\"hidden-fields-container\"><input type=\"hidden\" name=\"_wpcf7\" value=\"9330\" \/><input type=\"hidden\" name=\"_wpcf7_version\" value=\"6.1.5\" \/><input type=\"hidden\" name=\"_wpcf7_locale\" value=\"en_US\" \/><input type=\"hidden\" name=\"_wpcf7_unit_tag\" value=\"wpcf7-f9330-o1\" \/><input type=\"hidden\" name=\"_wpcf7_container_post\" value=\"0\" \/><input type=\"hidden\" name=\"_wpcf7_posted_data_hash\" value=\"\" \/>\n<\/fieldset>\n<p><strong>Information on the insured persons<\/strong>\n<\/p>\n<p>First name*<br \/>\n<span class=\"wpcf7-form-control-wrap\" data-name=\"Vorname\"><input size=\"40\" maxlength=\"400\" class=\"wpcf7-form-control wpcf7-text wpcf7-validates-as-required\" aria-required=\"true\" aria-invalid=\"false\" value=\"\" type=\"text\" name=\"Vorname\" \/><\/span>\n<\/p>\n<p>Surname*<br \/>\n<span class=\"wpcf7-form-control-wrap\" data-name=\"Nachname\"><input size=\"40\" maxlength=\"400\" class=\"wpcf7-form-control wpcf7-text wpcf7-validates-as-required\" aria-required=\"true\" aria-invalid=\"false\" value=\"\" type=\"text\" name=\"Nachname\" \/><\/span>\n<\/p>\n<p>Street*<br \/>\n<span class=\"wpcf7-form-control-wrap\" data-name=\"Strae\"><input size=\"40\" maxlength=\"400\" class=\"wpcf7-form-control wpcf7-text wpcf7-validates-as-required\" aria-required=\"true\" aria-invalid=\"false\" value=\"\" type=\"text\" name=\"Strae\" \/><\/span>\n<\/p>\n<p>Place*<br \/>\n<span class=\"wpcf7-form-control-wrap\" data-name=\"Ort\"><input size=\"40\" maxlength=\"400\" class=\"wpcf7-form-control wpcf7-text wpcf7-validates-as-required\" aria-required=\"true\" aria-invalid=\"false\" value=\"\" type=\"text\" name=\"Ort\" \/><\/span>\n<\/p>\n<p>Date of birth*<br \/>\n<span class=\"wpcf7-form-control-wrap\" data-name=\"date-927\"><input class=\"wpcf7-form-control wpcf7-date wpcf7-validates-as-required wpcf7-validates-as-date\" aria-required=\"true\" aria-invalid=\"false\" value=\"\" type=\"date\" name=\"date-927\" \/><\/span>\n<\/p>\n<p>E-mail address*<br \/>\n<span class=\"wpcf7-form-control-wrap\" data-name=\"your-email\"><input size=\"40\" maxlength=\"400\" class=\"wpcf7-form-control wpcf7-email wpcf7-validates-as-required wpcf7-text wpcf7-validates-as-email\" aria-required=\"true\" aria-invalid=\"false\" value=\"\" type=\"email\" name=\"your-email\" \/><\/span>\n<\/p>\n<p>Insured persons*<br \/>\n<span class=\"wpcf7-form-control-wrap\" data-name=\"menu-Persons\"><select class=\"wpcf7-form-control wpcf7-select wpcf7-validates-as-required\" aria-required=\"true\" aria-invalid=\"false\" name=\"menu-Persons\"><option value=\"1 person\">1 person<\/option><option value=\"1 person with children\">1 person with children<\/option><option value=\"Couple without children\">Couple without children<\/option><option value=\"Couple with children\">Couple with children<\/option><\/select><\/span>\n<\/p>\n<p>Your professional situation*<br \/>\n<span class=\"wpcf7-form-control-wrap\" data-name=\"menu-profession\"><select class=\"wpcf7-form-control wpcf7-select wpcf7-validates-as-required\" aria-required=\"true\" aria-invalid=\"false\" name=\"menu-profession\"><option value=\"Employed\">Employed<\/option><option value=\"Employed and self-employed\">Employed and self-employed<\/option><option value=\"Self-employed\">Self-employed<\/option><\/select><\/span>\n<\/p>\n<p><strong>Product options Special legal protection insurance for cross-border commuters<\/strong>\n<\/p>\n<p>Labor law*<br \/>\n<span class=\"wpcf7-form-control-wrap\" data-name=\"checkbox-arbeitsrecht\"><span class=\"wpcf7-form-control wpcf7-checkbox wpcf7-validates-as-required\"><span class=\"wpcf7-list-item first\"><span class=\"wpcf7-list-item-label\">Yes<\/span><input type=\"checkbox\" name=\"checkbox-arbeitsrecht[]\" value=\"Yes\" \/><\/span><span class=\"wpcf7-list-item last\"><span class=\"wpcf7-list-item-label\">No<\/span><input type=\"checkbox\" name=\"checkbox-arbeitsrecht[]\" value=\"No\" \/><\/span><\/span><\/span>\n<\/p>\n<p>Inheritance and family law*<br \/>\n<span class=\"wpcf7-form-control-wrap\" data-name=\"checkbox-Familienrecht\"><span class=\"wpcf7-form-control wpcf7-checkbox wpcf7-validates-as-required\"><span class=\"wpcf7-list-item first\"><span class=\"wpcf7-list-item-label\">Yes<\/span><input type=\"checkbox\" name=\"checkbox-Familienrecht[]\" value=\"Yes\" \/><\/span><span class=\"wpcf7-list-item last\"><span class=\"wpcf7-list-item-label\">No<\/span><input type=\"checkbox\" name=\"checkbox-Familienrecht[]\" value=\"No\" \/><\/span><\/span><\/span>\n<\/p>\n<p>Owner-occupied property (apartment or house)*<br \/>\n<span class=\"wpcf7-form-control-wrap\" data-name=\"checkbox-Immobilie\"><span class=\"wpcf7-form-control wpcf7-checkbox wpcf7-validates-as-required\"><span class=\"wpcf7-list-item first\"><span class=\"wpcf7-list-item-label\">Yes<\/span><input type=\"checkbox\" name=\"checkbox-Immobilie[]\" value=\"Yes\" \/><\/span><span class=\"wpcf7-list-item last\"><span class=\"wpcf7-list-item-label\">No<\/span><input type=\"checkbox\" name=\"checkbox-Immobilie[]\" value=\"No\" \/><\/span><\/span><\/span>\n<\/p>\n<p>Residential unit to be insured*<br \/>\n<span class=\"wpcf7-form-control-wrap\" data-name=\"menu-Residential\"><select class=\"wpcf7-form-control wpcf7-select wpcf7-validates-as-required\" aria-required=\"true\" aria-invalid=\"false\" name=\"menu-Residential\"><option value=\"Main residence\">Main residence<\/option><option value=\"Main residence + 1 additional\">Main residence + 1 additional<\/option><option value=\"Main residence + 2 additional\">Main residence + 2 additional<\/option><option value=\"Insurance cover not required\">Insurance cover not required<\/option><\/select><\/span>\n<\/p>\n<p>Rented property (apartment or house)*<br \/>\n<span class=\"wpcf7-form-control-wrap\" data-name=\"menu-rented\"><select class=\"wpcf7-form-control wpcf7-select wpcf7-validates-as-required\" aria-required=\"true\" aria-invalid=\"false\" name=\"menu-rented\"><option value=\"1 residential unit\">1 residential unit<\/option><option value=\"2 residential units\">2 residential units<\/option><option value=\"3 residential units\">3 residential units<\/option><option value=\"Insurance cover not required\">Insurance cover not required<\/option><\/select><\/span>\n<\/p>\n<p>Motor legal protection for*<br \/>\n<span class=\"wpcf7-form-control-wrap\" data-name=\"menu-kfzrs\"><select class=\"wpcf7-form-control wpcf7-select wpcf7-validates-as-required\" aria-required=\"true\" aria-invalid=\"false\" name=\"menu-kfzrs\"><option value=\"1 vehicle\">1 vehicle<\/option><option value=\"All vehicles\">All vehicles<\/option><option value=\"Insurance cover not required\">Insurance cover not required<\/option><\/select><\/span>\n<\/p>\n<p><strong>Do you accept restrictions?<\/strong>\n<\/p>\n<p>Deductible*<br \/>\n<span class=\"wpcf7-form-control-wrap\" data-name=\"checkbox-sb\"><span class=\"wpcf7-form-control wpcf7-checkbox wpcf7-validates-as-required\"><span class=\"wpcf7-list-item first\"><span class=\"wpcf7-list-item-label\">Yes<\/span><input type=\"checkbox\" name=\"checkbox-sb[]\" value=\"Yes\" \/><\/span><span class=\"wpcf7-list-item last\"><span class=\"wpcf7-list-item-label\">No<\/span><input type=\"checkbox\" name=\"checkbox-sb[]\" value=\"No\" \/><\/span><\/span><\/span>\n<\/p>\n<p><strong>Other notes<\/strong><br \/>\n<span class=\"wpcf7-form-control-wrap\" data-name=\"textarea-751\"><textarea cols=\"40\" rows=\"10\" maxlength=\"2000\" class=\"wpcf7-form-control wpcf7-textarea\" aria-invalid=\"false\" name=\"textarea-751\"><\/textarea><\/span>\n<\/p>\n<p><input type=\"hidden\" name=\"_wpcf7_captcha_challenge_Spamschutz\" value=\"743162111\" \/><img loading=\"lazy\" decoding=\"async\" class=\"wpcf7-form-control wpcf7-captchac wpcf7-captcha-Spamschutz\" width=\"84\" height=\"28\" alt=\"captcha\" src=\"https:\/\/www.b-quadrat.at\/wp-content\/uploads\/wpcf7_captcha\/743162111.png\" \/>\n<\/p>\n<p>Enter your code here<br \/>\n<span class=\"wpcf7-form-control-wrap\" data-name=\"Spamschutz\"><input size=\"40\" class=\"wpcf7-form-control wpcf7-captchar\" autocomplete=\"off\" aria-invalid=\"false\" value=\"\" type=\"text\" name=\"Spamschutz\" \/><\/span>\n<\/p>\n<p><span class=\"wpcf7-form-control-wrap\" data-name=\"your-concent\"><span class=\"wpcf7-form-control wpcf7-acceptance\"><span class=\"wpcf7-list-item\"><input type=\"checkbox\" name=\"your-concent\" value=\"1\" aria-invalid=\"false\" \/><\/span><\/span><\/span> I have read the <a href=\"https:\/\/www.b-quadrat.at\/datenschutzerklaerung\" target=\"blank\">privacy policy<\/a>. I agree that my details will be stored permanently for the purpose of contacting me and for queries.\n<\/p>\n<p><input class=\"wpcf7-form-control wpcf7-submit has-spinner\" type=\"submit\" value=\"Senden\" \/>\n<\/p><p style=\"display: none !important;\" class=\"akismet-fields-container\" data-prefix=\"_wpcf7_ak_\"><label>&#916;<textarea name=\"_wpcf7_ak_hp_textarea\" cols=\"45\" rows=\"8\" maxlength=\"100\"><\/textarea><\/label><input type=\"hidden\" id=\"ak_js_1\" name=\"_wpcf7_ak_js\" value=\"129\"\/><script type=\"text\/javascript\">\n\/* <![CDATA[ *\/\ndocument.getElementById( \"ak_js_1\" ).setAttribute( \"value\", ( new Date() ).getTime() );\n\/* ]]> *\/\n<\/script>\n<\/p><div class=\"wpcf7-response-output\" aria-hidden=\"true\"><\/div>\n<\/form>\n<\/div>\n[\/vc_column_text][\/vc_column][\/vc_row]\n","protected":false},"excerpt":{"rendered":"<p>[vc_row][vc_column][vc_column_text][\/vc_column_text][\/vc_column][\/vc_row]<\/p>\n","protected":false},"author":2,"featured_media":0,"parent":9207,"menu_order":0,"comment_status":"closed","ping_status":"closed","template":"","meta":{"_monsterinsights_skip_tracking":false,"_monsterinsights_sitenote_active":false,"_monsterinsights_sitenote_note":"","_monsterinsights_sitenote_category":0,"footnotes":"","_links_to":"","_links_to_target":""},"class_list":["post-9205","page","type-page","status-publish","hentry"],"yoast_head":"<!-- This site is optimized with the Yoast SEO Premium plugin v26.4 (Yoast SEO v27.4) - https:\/\/yoast.com\/product\/yoast-seo-premium-wordpress\/ -->\n<title>Special legal protection for cross-border commuters - Request a quote<\/title>\n<meta name=\"description\" content=\"Request a free, no-obligation quote for special legal protection insurance for cross-border commuters in Switzerland \/ Liechtenstein.\" \/>\n<meta name=\"robots\" content=\"index, follow, max-snippet:-1, max-image-preview:large, max-video-preview:-1\" \/>\n<link rel=\"canonical\" href=\"https:\/\/www.b-quadrat.at\/en\/cross-border-commuter\/legal-protection-for-cross-border-commuters\/request-a-quote-for-legal-protection-for-cross-border-commuters\/\" \/>\n<meta property=\"og:locale\" content=\"en_US\" \/>\n<meta property=\"og:type\" content=\"article\" \/>\n<meta property=\"og:title\" content=\"Request a quote for legal protection for cross-border commuters\" \/>\n<meta property=\"og:description\" content=\"Request a free, no-obligation quote for special legal protection insurance for cross-border commuters in Switzerland \/ Liechtenstein.\" \/>\n<meta property=\"og:url\" content=\"https:\/\/www.b-quadrat.at\/en\/cross-border-commuter\/legal-protection-for-cross-border-commuters\/request-a-quote-for-legal-protection-for-cross-border-commuters\/\" \/>\n<meta property=\"og:site_name\" content=\"B-Quadrat | Versicherungsmakler. Grenzg\u00e4ngerexperte. Kreditmakler.\" \/>\n<meta property=\"article:publisher\" content=\"https:\/\/www.facebook.com\/BQuadratFinanzberatung\/\" \/>\n<meta property=\"article:modified_time\" content=\"2025-05-26T12:02:43+00:00\" \/>\n<meta name=\"twitter:card\" content=\"summary_large_image\" \/>\n<meta name=\"twitter:site\" content=\"@BQuadrat_at\" \/>\n<script type=\"application\/ld+json\" class=\"yoast-schema-graph\">{\"@context\":\"https:\\\/\\\/schema.org\",\"@graph\":[{\"@type\":\"WebPage\",\"@id\":\"https:\\\/\\\/www.b-quadrat.at\\\/en\\\/cross-border-commuter\\\/legal-protection-for-cross-border-commuters\\\/request-a-quote-for-legal-protection-for-cross-border-commuters\\\/\",\"url\":\"https:\\\/\\\/www.b-quadrat.at\\\/en\\\/cross-border-commuter\\\/legal-protection-for-cross-border-commuters\\\/request-a-quote-for-legal-protection-for-cross-border-commuters\\\/\",\"name\":\"Special legal protection for cross-border commuters - Request a quote\",\"isPartOf\":{\"@id\":\"https:\\\/\\\/www.b-quadrat.at\\\/en\\\/#website\"},\"datePublished\":\"2019-04-29T18:52:16+00:00\",\"dateModified\":\"2025-05-26T12:02:43+00:00\",\"description\":\"Request a free, no-obligation quote for special legal protection insurance for cross-border commuters in Switzerland \\\/ Liechtenstein.\",\"breadcrumb\":{\"@id\":\"https:\\\/\\\/www.b-quadrat.at\\\/en\\\/cross-border-commuter\\\/legal-protection-for-cross-border-commuters\\\/request-a-quote-for-legal-protection-for-cross-border-commuters\\\/#breadcrumb\"},\"inLanguage\":\"en-US\",\"potentialAction\":[{\"@type\":\"ReadAction\",\"target\":[\"https:\\\/\\\/www.b-quadrat.at\\\/en\\\/cross-border-commuter\\\/legal-protection-for-cross-border-commuters\\\/request-a-quote-for-legal-protection-for-cross-border-commuters\\\/\"]}]},{\"@type\":\"BreadcrumbList\",\"@id\":\"https:\\\/\\\/www.b-quadrat.at\\\/en\\\/cross-border-commuter\\\/legal-protection-for-cross-border-commuters\\\/request-a-quote-for-legal-protection-for-cross-border-commuters\\\/#breadcrumb\",\"itemListElement\":[{\"@type\":\"ListItem\",\"position\":1,\"name\":\"Startseite\",\"item\":\"https:\\\/\\\/www.b-quadrat.at\\\/en\\\/\"},{\"@type\":\"ListItem\",\"position\":2,\"name\":\"Cross-border commuter\",\"item\":\"https:\\\/\\\/www.b-quadrat.at\\\/en\\\/cross-border-commuter\\\/\"},{\"@type\":\"ListItem\",\"position\":3,\"name\":\"Legal protection for cross-border commuters\",\"item\":\"https:\\\/\\\/www.b-quadrat.at\\\/en\\\/cross-border-commuter\\\/legal-protection-for-cross-border-commuters\\\/\"},{\"@type\":\"ListItem\",\"position\":4,\"name\":\"Request a quote for legal protection for cross-border commuters\"}]},{\"@type\":\"WebSite\",\"@id\":\"https:\\\/\\\/www.b-quadrat.at\\\/en\\\/#website\",\"url\":\"https:\\\/\\\/www.b-quadrat.at\\\/en\\\/\",\"name\":\"B-Quadrat | Versicherungsmakler. Grenzg\u00e4ngerexperte. Kreditmakler.\",\"description\":\"\",\"publisher\":{\"@id\":\"https:\\\/\\\/www.b-quadrat.at\\\/en\\\/#organization\"},\"potentialAction\":[{\"@type\":\"SearchAction\",\"target\":{\"@type\":\"EntryPoint\",\"urlTemplate\":\"https:\\\/\\\/www.b-quadrat.at\\\/en\\\/?s={search_term_string}\"},\"query-input\":{\"@type\":\"PropertyValueSpecification\",\"valueRequired\":true,\"valueName\":\"search_term_string\"}}],\"inLanguage\":\"en-US\"},{\"@type\":\"Organization\",\"@id\":\"https:\\\/\\\/www.b-quadrat.at\\\/en\\\/#organization\",\"name\":\"B-Quadrat Finanzberatungs GmbH\",\"alternateName\":\"B-Quadrat\",\"url\":\"https:\\\/\\\/www.b-quadrat.at\\\/en\\\/\",\"logo\":{\"@type\":\"ImageObject\",\"inLanguage\":\"en-US\",\"@id\":\"https:\\\/\\\/www.b-quadrat.at\\\/en\\\/#\\\/schema\\\/logo\\\/image\\\/\",\"url\":\"https:\\\/\\\/www.b-quadrat.at\\\/wp-content\\\/uploads\\\/2025\\\/03\\\/icon-for-web.gif\",\"contentUrl\":\"https:\\\/\\\/www.b-quadrat.at\\\/wp-content\\\/uploads\\\/2025\\\/03\\\/icon-for-web.gif\",\"width\":335,\"height\":290,\"caption\":\"B-Quadrat Finanzberatungs GmbH\"},\"image\":{\"@id\":\"https:\\\/\\\/www.b-quadrat.at\\\/en\\\/#\\\/schema\\\/logo\\\/image\\\/\"},\"sameAs\":[\"https:\\\/\\\/www.facebook.com\\\/BQuadratFinanzberatung\\\/\",\"https:\\\/\\\/x.com\\\/BQuadrat_at\",\"https:\\\/\\\/www.instagram.com\\\/b.quadrat\\\/\",\"https:\\\/\\\/www.linkedin.com\\\/company\\\/b-quadrat-finanzberatungs-gmbh\\\/\",\"https:\\\/\\\/www.youtube.com\\\/channel\\\/UCyfvyeJjEdcdrdWnKasc2Cg?view_as=subscriber\"],\"description\":\"Wir sind der UNABH\u00c4NGIGE Experte f\u00fcr alle Privatkunden, insbesondere f\u00fcr alle Grenzg\u00e4nger sowie f\u00fcr alle Klein- und Mittelbetriebe in Vorarlberg. Im Vergleich zu Einzelfirmenvertretern und Bankberatern, die lediglich ihre hauseigenen Produkte verkaufen d\u00fcrfen, haben wir durch unsere Unabh\u00e4ngigkeit Zugriff auf mehr als 80 Versicherungs- und Finanzanbieter. Wir verstehen uns als Partner in immer komplexer werdenden M\u00e4rkten und geben Ihnen Orientierung im Angebotsdschungel der Versicherungen, Banken und Bausparkassen. Speziell f\u00fcr Grenzg\u00e4nger: Seit 2003 erhalten Grenzg\u00e4nger von uns eine kostenlose Auskunft und Beratung zu s\u00e4mtlichen Themen die Grenzg\u00e4nger besch\u00e4ftigen, wie z.B. die Krankenversicherung f\u00fcr Grenzg\u00e4nger, die Auswahl des passenden Bankkontos, dann helfen wir mit einer Nettolohnberechnung, der Anmeldung beim \u00f6sterreichischen Finanzamt, praktischen Steuertipps und vielen Dingen mehr. Wir arbeiten mit allen \u00f6sterreichischen Anbieter zusammen und sind in Vorarlberg der f\u00fchrende unabh\u00e4ngige Versicherungsmakler und Berater f\u00fcr Grenzg\u00e4nger. F\u00fcr unsere Dienstleistung (unabh\u00e4ngige Grenzg\u00e4ngerberatung \\\/ unabh\u00e4ngige Grenzg\u00e4ngerauskunft) entstehen Ihnen keinerlei Kosten, da wir aufgrund der Unterst\u00fctzung unserer Partner in der Lage sind eine kostenlose Beratung anzubieten. Sie finden uns in Dornbirn, dem Herzen von Vorarlberg, welches von \u00fcberall aus Vorarlberg, aber auch aus der Schweiz, dem Liechtenstein und aus Deutschland sehr gut zu erreichen ist. Vereinbaren Sie einen Termin, schreiben Sie uns eine E-Mail oder rufen Sie uns an und profitieren Sie von unserer Kompetenz in Versicherungs- und Grenzg\u00e4ngerangelegenheiten. Wir freuen uns auf Sie und Ihre Fragen! Unabh\u00e4ngig, kompetent und engagiert! Herzlichst Ihr Martin H\u00e4usler\",\"email\":\"office@b-quadrat.at\",\"telephone\":\"+43 5572 398770\",\"legalName\":\"B-Quadrat Finanzberatungs GmbH\",\"foundingDate\":\"2003-01-01\",\"numberOfEmployees\":{\"@type\":\"QuantitativeValue\",\"minValue\":\"1\",\"maxValue\":\"10\"}}]}<\/script>\n<!-- \/ Yoast SEO Premium plugin. -->","yoast_head_json":{"title":"Special legal protection for cross-border commuters - Request a quote","description":"Request a free, no-obligation quote for special legal protection insurance for cross-border commuters in Switzerland \/ Liechtenstein.","robots":{"index":"index","follow":"follow","max-snippet":"max-snippet:-1","max-image-preview":"max-image-preview:large","max-video-preview":"max-video-preview:-1"},"canonical":"https:\/\/www.b-quadrat.at\/en\/cross-border-commuter\/legal-protection-for-cross-border-commuters\/request-a-quote-for-legal-protection-for-cross-border-commuters\/","og_locale":"en_US","og_type":"article","og_title":"Request a quote for legal protection for cross-border commuters","og_description":"Request a free, no-obligation quote for special legal protection insurance for cross-border commuters in Switzerland \/ Liechtenstein.","og_url":"https:\/\/www.b-quadrat.at\/en\/cross-border-commuter\/legal-protection-for-cross-border-commuters\/request-a-quote-for-legal-protection-for-cross-border-commuters\/","og_site_name":"B-Quadrat | Versicherungsmakler. Grenzg\u00e4ngerexperte. Kreditmakler.","article_publisher":"https:\/\/www.facebook.com\/BQuadratFinanzberatung\/","article_modified_time":"2025-05-26T12:02:43+00:00","twitter_card":"summary_large_image","twitter_site":"@BQuadrat_at","schema":{"@context":"https:\/\/schema.org","@graph":[{"@type":"WebPage","@id":"https:\/\/www.b-quadrat.at\/en\/cross-border-commuter\/legal-protection-for-cross-border-commuters\/request-a-quote-for-legal-protection-for-cross-border-commuters\/","url":"https:\/\/www.b-quadrat.at\/en\/cross-border-commuter\/legal-protection-for-cross-border-commuters\/request-a-quote-for-legal-protection-for-cross-border-commuters\/","name":"Special legal protection for cross-border commuters - Request a quote","isPartOf":{"@id":"https:\/\/www.b-quadrat.at\/en\/#website"},"datePublished":"2019-04-29T18:52:16+00:00","dateModified":"2025-05-26T12:02:43+00:00","description":"Request a free, no-obligation quote for special legal protection insurance for cross-border commuters in Switzerland \/ Liechtenstein.","breadcrumb":{"@id":"https:\/\/www.b-quadrat.at\/en\/cross-border-commuter\/legal-protection-for-cross-border-commuters\/request-a-quote-for-legal-protection-for-cross-border-commuters\/#breadcrumb"},"inLanguage":"en-US","potentialAction":[{"@type":"ReadAction","target":["https:\/\/www.b-quadrat.at\/en\/cross-border-commuter\/legal-protection-for-cross-border-commuters\/request-a-quote-for-legal-protection-for-cross-border-commuters\/"]}]},{"@type":"BreadcrumbList","@id":"https:\/\/www.b-quadrat.at\/en\/cross-border-commuter\/legal-protection-for-cross-border-commuters\/request-a-quote-for-legal-protection-for-cross-border-commuters\/#breadcrumb","itemListElement":[{"@type":"ListItem","position":1,"name":"Startseite","item":"https:\/\/www.b-quadrat.at\/en\/"},{"@type":"ListItem","position":2,"name":"Cross-border commuter","item":"https:\/\/www.b-quadrat.at\/en\/cross-border-commuter\/"},{"@type":"ListItem","position":3,"name":"Legal protection for cross-border commuters","item":"https:\/\/www.b-quadrat.at\/en\/cross-border-commuter\/legal-protection-for-cross-border-commuters\/"},{"@type":"ListItem","position":4,"name":"Request a quote for legal protection for cross-border commuters"}]},{"@type":"WebSite","@id":"https:\/\/www.b-quadrat.at\/en\/#website","url":"https:\/\/www.b-quadrat.at\/en\/","name":"B-Quadrat | Versicherungsmakler. Grenzg\u00e4ngerexperte. Kreditmakler.","description":"","publisher":{"@id":"https:\/\/www.b-quadrat.at\/en\/#organization"},"potentialAction":[{"@type":"SearchAction","target":{"@type":"EntryPoint","urlTemplate":"https:\/\/www.b-quadrat.at\/en\/?s={search_term_string}"},"query-input":{"@type":"PropertyValueSpecification","valueRequired":true,"valueName":"search_term_string"}}],"inLanguage":"en-US"},{"@type":"Organization","@id":"https:\/\/www.b-quadrat.at\/en\/#organization","name":"B-Quadrat Finanzberatungs GmbH","alternateName":"B-Quadrat","url":"https:\/\/www.b-quadrat.at\/en\/","logo":{"@type":"ImageObject","inLanguage":"en-US","@id":"https:\/\/www.b-quadrat.at\/en\/#\/schema\/logo\/image\/","url":"https:\/\/www.b-quadrat.at\/wp-content\/uploads\/2025\/03\/icon-for-web.gif","contentUrl":"https:\/\/www.b-quadrat.at\/wp-content\/uploads\/2025\/03\/icon-for-web.gif","width":335,"height":290,"caption":"B-Quadrat Finanzberatungs GmbH"},"image":{"@id":"https:\/\/www.b-quadrat.at\/en\/#\/schema\/logo\/image\/"},"sameAs":["https:\/\/www.facebook.com\/BQuadratFinanzberatung\/","https:\/\/x.com\/BQuadrat_at","https:\/\/www.instagram.com\/b.quadrat\/","https:\/\/www.linkedin.com\/company\/b-quadrat-finanzberatungs-gmbh\/","https:\/\/www.youtube.com\/channel\/UCyfvyeJjEdcdrdWnKasc2Cg?view_as=subscriber"],"description":"Wir sind der UNABH\u00c4NGIGE Experte f\u00fcr alle Privatkunden, insbesondere f\u00fcr alle Grenzg\u00e4nger sowie f\u00fcr alle Klein- und Mittelbetriebe in Vorarlberg. Im Vergleich zu Einzelfirmenvertretern und Bankberatern, die lediglich ihre hauseigenen Produkte verkaufen d\u00fcrfen, haben wir durch unsere Unabh\u00e4ngigkeit Zugriff auf mehr als 80 Versicherungs- und Finanzanbieter. Wir verstehen uns als Partner in immer komplexer werdenden M\u00e4rkten und geben Ihnen Orientierung im Angebotsdschungel der Versicherungen, Banken und Bausparkassen. Speziell f\u00fcr Grenzg\u00e4nger: Seit 2003 erhalten Grenzg\u00e4nger von uns eine kostenlose Auskunft und Beratung zu s\u00e4mtlichen Themen die Grenzg\u00e4nger besch\u00e4ftigen, wie z.B. die Krankenversicherung f\u00fcr Grenzg\u00e4nger, die Auswahl des passenden Bankkontos, dann helfen wir mit einer Nettolohnberechnung, der Anmeldung beim \u00f6sterreichischen Finanzamt, praktischen Steuertipps und vielen Dingen mehr. Wir arbeiten mit allen \u00f6sterreichischen Anbieter zusammen und sind in Vorarlberg der f\u00fchrende unabh\u00e4ngige Versicherungsmakler und Berater f\u00fcr Grenzg\u00e4nger. F\u00fcr unsere Dienstleistung (unabh\u00e4ngige Grenzg\u00e4ngerberatung \/ unabh\u00e4ngige Grenzg\u00e4ngerauskunft) entstehen Ihnen keinerlei Kosten, da wir aufgrund der Unterst\u00fctzung unserer Partner in der Lage sind eine kostenlose Beratung anzubieten. Sie finden uns in Dornbirn, dem Herzen von Vorarlberg, welches von \u00fcberall aus Vorarlberg, aber auch aus der Schweiz, dem Liechtenstein und aus Deutschland sehr gut zu erreichen ist. Vereinbaren Sie einen Termin, schreiben Sie uns eine E-Mail oder rufen Sie uns an und profitieren Sie von unserer Kompetenz in Versicherungs- und Grenzg\u00e4ngerangelegenheiten. Wir freuen uns auf Sie und Ihre Fragen! Unabh\u00e4ngig, kompetent und engagiert! Herzlichst Ihr Martin H\u00e4usler","email":"office@b-quadrat.at","telephone":"+43 5572 398770","legalName":"B-Quadrat Finanzberatungs GmbH","foundingDate":"2003-01-01","numberOfEmployees":{"@type":"QuantitativeValue","minValue":"1","maxValue":"10"}}]}},"_links":{"self":[{"href":"https:\/\/www.b-quadrat.at\/en\/wp-json\/wp\/v2\/pages\/9205","targetHints":{"allow":["GET"]}}],"collection":[{"href":"https:\/\/www.b-quadrat.at\/en\/wp-json\/wp\/v2\/pages"}],"about":[{"href":"https:\/\/www.b-quadrat.at\/en\/wp-json\/wp\/v2\/types\/page"}],"author":[{"embeddable":true,"href":"https:\/\/www.b-quadrat.at\/en\/wp-json\/wp\/v2\/users\/2"}],"replies":[{"embeddable":true,"href":"https:\/\/www.b-quadrat.at\/en\/wp-json\/wp\/v2\/comments?post=9205"}],"version-history":[{"count":1,"href":"https:\/\/www.b-quadrat.at\/en\/wp-json\/wp\/v2\/pages\/9205\/revisions"}],"predecessor-version":[{"id":9206,"href":"https:\/\/www.b-quadrat.at\/en\/wp-json\/wp\/v2\/pages\/9205\/revisions\/9206"}],"up":[{"embeddable":true,"href":"https:\/\/www.b-quadrat.at\/en\/wp-json\/wp\/v2\/pages\/9207"}],"wp:attachment":[{"href":"https:\/\/www.b-quadrat.at\/en\/wp-json\/wp\/v2\/media?parent=9205"}],"curies":[{"name":"wp","href":"https:\/\/api.w.org\/{rel}","templated":true}]}}