{"id":9197,"date":"2022-07-06T13:54:56","date_gmt":"2022-07-06T11:54:56","guid":{"rendered":"https:\/\/www.b-quadrat.at\/home-office-for-cross-border-commuters\/"},"modified":"2025-05-26T14:08:46","modified_gmt":"2025-05-26T12:08:46","slug":"home-office-for-cross-border-commuters","status":"publish","type":"page","link":"https:\/\/www.b-quadrat.at\/en\/cross-border-commuter\/home-office-for-cross-border-commuters\/","title":{"rendered":"Home office for cross-border commuters"},"content":{"rendered":"[vc_row][vc_column][vc_column_text]\n<h1><strong><span style=\"font-family: verdana, geneva, sans-serif;\">Home office for cross-border commuters<br \/>\n<\/span><\/strong><span style=\"font-family: verdana, geneva, sans-serif;\"><em>from Austria to Switzerland \/ Liechtenstein<\/em><\/span><\/h1>\n[\/vc_column_text][vc_column_text]\n<p style=\"text-align: justify;\"><span style=\"font-size: 12pt; font-family: verdana, geneva, sans-serif;\">Since July 2023, it has been clear: cross-border commuters from Austria to Switzerland \/ Liechtenstein may spend 49.99% of their time working from home without having to worry about social security obligations!<\/span><\/p>\n[\/vc_column_text][\/vc_column][\/vc_row][vc_row][vc_column][vc_single_image image=&#8221;8974&#8243; img_size=&#8221;full&#8221; alignment=&#8221;center&#8221;][\/vc_column][\/vc_row][vc_row][vc_column][vc_column_text]\n<h2><strong><span style=\"font-family: verdana, geneva, sans-serif;\">Home office for cross-border commuters: legal certainty at last<\/span><\/strong><\/h2>\n[\/vc_column_text][vc_column_text]\n<p style=\"text-align: justify;\"><span style=\"font-family: verdana, geneva, sans-serif; font-size: 12pt;\">\u201cIt is a great pleasure that our motion for a resolution for legal certainty in cross-border home office was unanimously adopted in the Social Affairs Committee,\u201d says NEOS social affairs spokesperson Gerald Loacker.  <\/span><\/p>\n<p style=\"text-align: justify;\"><strong><span style=\"font-family: verdana, geneva, sans-serif; font-size: 12pt;\">\u201cIn future, cross-border commuters will be able to spend more than 25 percent of their time working from home without having to worry about insurance.\u201d  <\/span><\/strong><\/p>\n<p>&nbsp;<\/p>\n<h3><span style=\"font-family: verdana, geneva, sans-serif;\">Home office regulation for cross-border commuters to Switzerland \/ Liechtenstein until June 30, 2023<\/span><\/h3>\n<p style=\"text-align: justify;\"><span style=\"font-family: verdana, geneva, sans-serif; font-size: 12pt;\">Persons resident in Austria who work in Switzerland or Liechtenstein, for example, are currently subject to social security contributions in their employer&#8217;s country if they work less than 25% of their time in their country of residence. If the working hours at the place of residence exceed this 25%, social insurance is compulsory at the place of residence. The trap therefore snaps shut with just 6 out of 20 working days per month. At the same time, this means that either the employer reduces the working hours in the home office to less than 25% or they bill the employees for social insurance via another country. This additional bureaucracy was suspended during the pandemic by corresponding agreements with neighboring countries until June 30, 2023.    <\/span><\/p>\n[\/vc_column_text][\/vc_column][\/vc_row][vc_row bg_type=&#8221;bg_color&#8221; bg_color_value=&#8221;#000f8a&#8221;][vc_column width=&#8221;2\/3&#8243;][vc_column_text]\n<h2><span style=\"color: #ffffff;\"><strong><span style=\"font-family: verdana, geneva, sans-serif;\">Best cross-border commuter advice incl. net salary calculation <\/span><\/strong><\/span><\/h2>\n<p><span style=\"font-family: verdana, geneva, sans-serif; font-size: 12pt; color: #ffffff;\">&gt;  Free and non-binding advice since 2003<\/span><br \/>\n<span style=\"font-family: verdana, geneva, sans-serif; font-size: 12pt; color: #ffffff;\">&gt;  Net wage calculation &amp; practical tax tips<\/span><br \/>\n <span style=\"font-family: verdana, geneva, sans-serif; font-size: 12pt; color: #ffffff;\">&gt; Best and cheapest health insurance for cross-border commuters<br \/>\n&gt; Help with choosing the right bank account<br \/>\n<\/span><span style=\"font-family: verdana, geneva, sans-serif; font-size: 12pt; color: #000000;\"><span style=\"color: #ffffff;\">&gt; Help with registering with the tax office and much more<\/span><\/span>[\/vc_column_text][\/vc_column][vc_column width=&#8221;1\/3&#8243;][vc_empty_space height=&#8221;90px&#8221;][vc_btn title=&#8221;Arrange a consultation now&#8221; color=&#8221;danger&#8221; align=&#8221;center&#8221; link=&#8221;url:https%3A%2F%2Fbook.timify.com%2Fservices%3FaccountId%3D5dd58034ea99b411773abb33%26hideCloseButton%3Dtrue|title:Arrange%20a%20consultation%20now|target:_blank|&#8221;][\/vc_column][\/vc_row][vc_row][vc_column][vc_column_text]\n<h3><span style=\"font-family: verdana, geneva, sans-serif;\">Home office regulation for cross-border commuters to Switzerland \/ Liechtenstein from July 01, 2023<\/span><\/h3>\n<p style=\"text-align: justify;\"><span style=\"font-family: verdana, geneva, sans-serif; font-size: 12pt;\">In future, cross-border commuters will be allowed to spend 49.99% of their time working from home without having to worry about insurance or social security obligations. This is also excellent news for all employers from Switzerland and Liechtenstein, as they will no longer have to ensure that their employees spend a maximum of one day a week working from home. <\/span><\/p>\n<p style=\"text-align: justify;\"><span style=\"font-family: verdana, geneva, sans-serif; font-size: 12pt;\">The pandemic has permanently changed the world of work, particularly in the areas of digitalization and working from home. Business as usual as before the pandemic is neither possible nor sensible. Martin H\u00e4usler (CEO B-Quadrat): \u201cI am very pleased that the legal conditions for cross-border workers and their employers have been sustainably improved.\u201d  <\/span><\/p>\n[\/vc_column_text][\/vc_column][\/vc_row][vc_row bg_type=&#8221;bg_color&#8221; bg_color_value=&#8221;#000f8a&#8221;][vc_column width=&#8221;2\/3&#8243;][vc_column_text]\n<h2><span style=\"color: #ffffff;\"><strong><span style=\"font-family: verdana, geneva, sans-serif;\">Do you have any questions about working in Switzerland \/ Liechtenstein?<\/span><\/strong><\/span><\/h2>\n<p><span style=\"font-family: verdana, geneva, sans-serif; font-size: 12pt; color: #ffffff;\">Clarify the most important questions quickly, yet professionally, personally and individually from home.<\/span>[\/vc_column_text][\/vc_column][vc_column width=&#8221;1\/3&#8243;][vc_empty_space height=&#8221;50px&#8221;][vc_btn title=&#8221;Arrange an information meeting now&#8221; color=&#8221;danger&#8221; align=&#8221;center&#8221; link=&#8221;url:https%3A%2F%2Fbook.timify.com%2Fservices%3FaccountId%3D5dd58034ea99b411773abb33%26hideCloseButton%3Dtrue|title:Arrange%20an%20information%20meeting%20now|target:_blank|&#8221;][\/vc_column][\/vc_row][vc_row][vc_column][vc_column_text]\n<h2><strong><span style=\"font-family: verdana, geneva, sans-serif;\">Withholding tax for home office for cross-border commuters from Austria<\/span><\/strong><\/h2>\n[\/vc_column_text][vc_column_text]\n<p style=\"text-align: justify;\"><span style=\"font-family: verdana, geneva, sans-serif; font-size: 12pt;\">In the area of social security law, clarity has been created for all cross-border commuters from Austria to Switzerland \/ Liechtenstein. The 25% rule for cross-border commuters from Switzerland and Liechtenstein has been increased to 50%, allowing cross-border commuters to work from home twice as much without having to worry about insurance.   <\/span><\/p>\n<p style=\"text-align: justify;\"><span style=\"font-family: verdana, geneva, sans-serif; font-size: 12pt;\">\u201cUnfortunately, this clarity regarding withholding tax does not yet exist,\u201d says Martin H\u00e4usler (Managing Director B-Quadrat). There is no separate agreement under tax law between Switzerland\/Liechtenstein and Austria, which is why the double taxation agreement applies here. This means that Switzerland and Liechtenstein have no right of taxation for days spent working from home. This means that no withholding tax may be levied for home office days.   <\/span><\/p>\n<p style=\"text-align: justify;\"><span style=\"font-family: verdana, geneva, sans-serif; font-size: 12pt;\">Conversely, this means that the Austrian tax authorities may not recognize withholding tax from Switzerland for such days. Therefore, cross-border commuters must apply for a refund of the withholding tax for these days in the home office in the country of employment. This requires a record of the home office on the part of the employer, which can be submitted.  <\/span><\/p>\n<p style=\"text-align: justify;\"><span style=\"font-family: verdana, geneva, sans-serif; font-size: 12pt;\">\u201cWe very much hope that there will soon be a simple and clear regulation for cross-border commuters in this regard too,\u201d says Martin H\u00e4usler. For example, employers will be instructed by Switzerland or Liechtenstein not to automatically deduct withholding tax for days spent working from home. <\/span><\/p>\n[\/vc_column_text][\/vc_column][\/vc_row][vc_row bg_type=&#8221;bg_color&#8221; bg_color_value=&#8221;#000f8a&#8221;][vc_column width=&#8221;2\/3&#8243;][vc_column_text]\n<h2><span style=\"color: #ffffff;\"><strong><span style=\"font-family: verdana, geneva, sans-serif;\">Best and cheapest health insurance for cross-border commuters<\/span><\/strong><\/span><\/h2>\n<p><span style=\"font-family: verdana, geneva, sans-serif; font-size: 12pt; color: #ffffff;\">&gt;  Comparison of all tariffs and providers<\/span><br \/>\n<span style=\"font-family: verdana, geneva, sans-serif; font-size: 12pt; color: #ffffff;\">&gt;  Independent and objective comparison<\/span><br \/>\n<span style=\"font-family: verdana, geneva, sans-serif; font-size: 12pt; color: #ffffff;\">&gt;  With guarantee nowhere cheaper than at B-Quadrat<\/span><br \/>\n<span style=\"font-family: verdana, geneva, sans-serif; font-size: 12pt; color: #ffffff;\">&gt;  Professional cross-border commuter advice for over 20 years<\/span>[\/vc_column_text][\/vc_column][vc_column width=&#8221;1\/3&#8243;][vc_empty_space height=&#8221;70px&#8221;][vc_btn title=&#8221;Request a quote now&#8221; color=&#8221;danger&#8221; align=&#8221;center&#8221; link=&#8221;url:https%3A%2F%2Fgrenzgaengerversicherung.at%2Fangebot-grenzgaengerversicherung-anfordern|title:Request%20a%20quote%20now|target:%20_blank|&#8221;][\/vc_column][\/vc_row][vc_row][vc_column][vc_empty_space height=&#8221;55px&#8221;][vc_widget_sidebar sidebar_id=&#8221;sidebar-19&#8243;][\/vc_column][\/vc_row][vc_column][\/vc_column]\n","protected":false},"excerpt":{"rendered":"<p>[vc_row][vc_column][vc_column_text] Home office for cross-border commuters from Austria to Switzerland \/ Liechtenstein [\/vc_column_text][vc_column_text] Since July 2023, it has been clear: cross-border commuters from Austria to Switzerland \/ Liechtenstein may spend 49.99% of their time working from home without having to worry about social security obligations! [\/vc_column_text][\/vc_column][\/vc_row][vc_row][vc_column][vc_single_image image=&#8221;8974&#8243;<\/p>\n","protected":false},"author":2,"featured_media":0,"parent":9255,"menu_order":0,"comment_status":"closed","ping_status":"closed","template":"page-FullWidth.php","meta":{"_monsterinsights_skip_tracking":false,"_monsterinsights_sitenote_active":false,"_monsterinsights_sitenote_note":"","_monsterinsights_sitenote_category":0,"footnotes":"","_links_to":"","_links_to_target":""},"class_list":["post-9197","page","type-page","status-publish","hentry"],"yoast_head":"<!-- This site is optimized with the Yoast SEO Premium plugin v26.4 (Yoast SEO v27.4) - https:\/\/yoast.com\/product\/yoast-seo-premium-wordpress\/ -->\n<title>Home office for cross-border commuters in Switzerland \/ Liechtenstein<\/title>\n<meta name=\"description\" content=\"Home office for cross-border commuters from Austria to Switzerland \/ Liechtenstein. Finally there is clarity and what about withholding tax.\" \/>\n<meta name=\"robots\" content=\"index, follow, max-snippet:-1, max-image-preview:large, max-video-preview:-1\" \/>\n<link rel=\"canonical\" href=\"https:\/\/www.b-quadrat.at\/en\/cross-border-commuter\/home-office-for-cross-border-commuters\/\" \/>\n<meta property=\"og:locale\" content=\"en_US\" \/>\n<meta property=\"og:type\" content=\"article\" \/>\n<meta property=\"og:title\" content=\"Home office for cross-border commuters\" \/>\n<meta property=\"og:description\" content=\"Home office for cross-border commuters from Austria to Switzerland \/ Liechtenstein. Finally there is clarity and what about withholding tax.\" \/>\n<meta property=\"og:url\" content=\"https:\/\/www.b-quadrat.at\/en\/cross-border-commuter\/home-office-for-cross-border-commuters\/\" \/>\n<meta property=\"og:site_name\" content=\"B-Quadrat | Versicherungsmakler. Grenzg\u00e4ngerexperte. Kreditmakler.\" \/>\n<meta property=\"article:publisher\" content=\"https:\/\/www.facebook.com\/BQuadratFinanzberatung\/\" \/>\n<meta property=\"article:modified_time\" content=\"2025-05-26T12:08:46+00:00\" \/>\n<meta name=\"twitter:card\" content=\"summary_large_image\" \/>\n<meta name=\"twitter:site\" content=\"@BQuadrat_at\" \/>\n<meta name=\"twitter:label1\" content=\"Est. reading time\" \/>\n\t<meta name=\"twitter:data1\" content=\"5 minutes\" \/>\n<script type=\"application\/ld+json\" class=\"yoast-schema-graph\">{\"@context\":\"https:\\\/\\\/schema.org\",\"@graph\":[{\"@type\":\"WebPage\",\"@id\":\"https:\\\/\\\/www.b-quadrat.at\\\/en\\\/cross-border-commuter\\\/home-office-for-cross-border-commuters\\\/\",\"url\":\"https:\\\/\\\/www.b-quadrat.at\\\/en\\\/cross-border-commuter\\\/home-office-for-cross-border-commuters\\\/\",\"name\":\"Home office for cross-border commuters in Switzerland \\\/ Liechtenstein\",\"isPartOf\":{\"@id\":\"https:\\\/\\\/www.b-quadrat.at\\\/en\\\/#website\"},\"datePublished\":\"2022-07-06T11:54:56+00:00\",\"dateModified\":\"2025-05-26T12:08:46+00:00\",\"description\":\"Home office for cross-border commuters from Austria to Switzerland \\\/ Liechtenstein. Finally there is clarity and what about withholding tax.\",\"breadcrumb\":{\"@id\":\"https:\\\/\\\/www.b-quadrat.at\\\/en\\\/cross-border-commuter\\\/home-office-for-cross-border-commuters\\\/#breadcrumb\"},\"inLanguage\":\"en-US\",\"potentialAction\":[{\"@type\":\"ReadAction\",\"target\":[\"https:\\\/\\\/www.b-quadrat.at\\\/en\\\/cross-border-commuter\\\/home-office-for-cross-border-commuters\\\/\"]}]},{\"@type\":\"BreadcrumbList\",\"@id\":\"https:\\\/\\\/www.b-quadrat.at\\\/en\\\/cross-border-commuter\\\/home-office-for-cross-border-commuters\\\/#breadcrumb\",\"itemListElement\":[{\"@type\":\"ListItem\",\"position\":1,\"name\":\"Startseite\",\"item\":\"https:\\\/\\\/www.b-quadrat.at\\\/en\\\/\"},{\"@type\":\"ListItem\",\"position\":2,\"name\":\"Cross-border commuter\",\"item\":\"https:\\\/\\\/www.b-quadrat.at\\\/en\\\/cross-border-commuter\\\/\"},{\"@type\":\"ListItem\",\"position\":3,\"name\":\"Home office for cross-border commuters\"}]},{\"@type\":\"WebSite\",\"@id\":\"https:\\\/\\\/www.b-quadrat.at\\\/en\\\/#website\",\"url\":\"https:\\\/\\\/www.b-quadrat.at\\\/en\\\/\",\"name\":\"B-Quadrat | Versicherungsmakler. Grenzg\u00e4ngerexperte. Kreditmakler.\",\"description\":\"\",\"publisher\":{\"@id\":\"https:\\\/\\\/www.b-quadrat.at\\\/en\\\/#organization\"},\"potentialAction\":[{\"@type\":\"SearchAction\",\"target\":{\"@type\":\"EntryPoint\",\"urlTemplate\":\"https:\\\/\\\/www.b-quadrat.at\\\/en\\\/?s={search_term_string}\"},\"query-input\":{\"@type\":\"PropertyValueSpecification\",\"valueRequired\":true,\"valueName\":\"search_term_string\"}}],\"inLanguage\":\"en-US\"},{\"@type\":\"Organization\",\"@id\":\"https:\\\/\\\/www.b-quadrat.at\\\/en\\\/#organization\",\"name\":\"B-Quadrat Finanzberatungs GmbH\",\"alternateName\":\"B-Quadrat\",\"url\":\"https:\\\/\\\/www.b-quadrat.at\\\/en\\\/\",\"logo\":{\"@type\":\"ImageObject\",\"inLanguage\":\"en-US\",\"@id\":\"https:\\\/\\\/www.b-quadrat.at\\\/en\\\/#\\\/schema\\\/logo\\\/image\\\/\",\"url\":\"https:\\\/\\\/www.b-quadrat.at\\\/wp-content\\\/uploads\\\/2025\\\/03\\\/icon-for-web.gif\",\"contentUrl\":\"https:\\\/\\\/www.b-quadrat.at\\\/wp-content\\\/uploads\\\/2025\\\/03\\\/icon-for-web.gif\",\"width\":335,\"height\":290,\"caption\":\"B-Quadrat Finanzberatungs GmbH\"},\"image\":{\"@id\":\"https:\\\/\\\/www.b-quadrat.at\\\/en\\\/#\\\/schema\\\/logo\\\/image\\\/\"},\"sameAs\":[\"https:\\\/\\\/www.facebook.com\\\/BQuadratFinanzberatung\\\/\",\"https:\\\/\\\/x.com\\\/BQuadrat_at\",\"https:\\\/\\\/www.instagram.com\\\/b.quadrat\\\/\",\"https:\\\/\\\/www.linkedin.com\\\/company\\\/b-quadrat-finanzberatungs-gmbh\\\/\",\"https:\\\/\\\/www.youtube.com\\\/channel\\\/UCyfvyeJjEdcdrdWnKasc2Cg?view_as=subscriber\"],\"description\":\"Wir sind der UNABH\u00c4NGIGE Experte f\u00fcr alle Privatkunden, insbesondere f\u00fcr alle Grenzg\u00e4nger sowie f\u00fcr alle Klein- und Mittelbetriebe in Vorarlberg. Im Vergleich zu Einzelfirmenvertretern und Bankberatern, die lediglich ihre hauseigenen Produkte verkaufen d\u00fcrfen, haben wir durch unsere Unabh\u00e4ngigkeit Zugriff auf mehr als 80 Versicherungs- und Finanzanbieter. Wir verstehen uns als Partner in immer komplexer werdenden M\u00e4rkten und geben Ihnen Orientierung im Angebotsdschungel der Versicherungen, Banken und Bausparkassen. Speziell f\u00fcr Grenzg\u00e4nger: Seit 2003 erhalten Grenzg\u00e4nger von uns eine kostenlose Auskunft und Beratung zu s\u00e4mtlichen Themen die Grenzg\u00e4nger besch\u00e4ftigen, wie z.B. die Krankenversicherung f\u00fcr Grenzg\u00e4nger, die Auswahl des passenden Bankkontos, dann helfen wir mit einer Nettolohnberechnung, der Anmeldung beim \u00f6sterreichischen Finanzamt, praktischen Steuertipps und vielen Dingen mehr. Wir arbeiten mit allen \u00f6sterreichischen Anbieter zusammen und sind in Vorarlberg der f\u00fchrende unabh\u00e4ngige Versicherungsmakler und Berater f\u00fcr Grenzg\u00e4nger. F\u00fcr unsere Dienstleistung (unabh\u00e4ngige Grenzg\u00e4ngerberatung \\\/ unabh\u00e4ngige Grenzg\u00e4ngerauskunft) entstehen Ihnen keinerlei Kosten, da wir aufgrund der Unterst\u00fctzung unserer Partner in der Lage sind eine kostenlose Beratung anzubieten. Sie finden uns in Dornbirn, dem Herzen von Vorarlberg, welches von \u00fcberall aus Vorarlberg, aber auch aus der Schweiz, dem Liechtenstein und aus Deutschland sehr gut zu erreichen ist. Vereinbaren Sie einen Termin, schreiben Sie uns eine E-Mail oder rufen Sie uns an und profitieren Sie von unserer Kompetenz in Versicherungs- und Grenzg\u00e4ngerangelegenheiten. Wir freuen uns auf Sie und Ihre Fragen! Unabh\u00e4ngig, kompetent und engagiert! Herzlichst Ihr Martin H\u00e4usler\",\"email\":\"office@b-quadrat.at\",\"telephone\":\"+43 5572 398770\",\"legalName\":\"B-Quadrat Finanzberatungs GmbH\",\"foundingDate\":\"2003-01-01\",\"numberOfEmployees\":{\"@type\":\"QuantitativeValue\",\"minValue\":\"1\",\"maxValue\":\"10\"}}]}<\/script>\n<!-- \/ Yoast SEO Premium plugin. -->","yoast_head_json":{"title":"Home office for cross-border commuters in Switzerland \/ Liechtenstein","description":"Home office for cross-border commuters from Austria to Switzerland \/ Liechtenstein. Finally there is clarity and what about withholding tax.","robots":{"index":"index","follow":"follow","max-snippet":"max-snippet:-1","max-image-preview":"max-image-preview:large","max-video-preview":"max-video-preview:-1"},"canonical":"https:\/\/www.b-quadrat.at\/en\/cross-border-commuter\/home-office-for-cross-border-commuters\/","og_locale":"en_US","og_type":"article","og_title":"Home office for cross-border commuters","og_description":"Home office for cross-border commuters from Austria to Switzerland \/ Liechtenstein. Finally there is clarity and what about withholding tax.","og_url":"https:\/\/www.b-quadrat.at\/en\/cross-border-commuter\/home-office-for-cross-border-commuters\/","og_site_name":"B-Quadrat | Versicherungsmakler. Grenzg\u00e4ngerexperte. Kreditmakler.","article_publisher":"https:\/\/www.facebook.com\/BQuadratFinanzberatung\/","article_modified_time":"2025-05-26T12:08:46+00:00","twitter_card":"summary_large_image","twitter_site":"@BQuadrat_at","twitter_misc":{"Est. reading time":"5 minutes"},"schema":{"@context":"https:\/\/schema.org","@graph":[{"@type":"WebPage","@id":"https:\/\/www.b-quadrat.at\/en\/cross-border-commuter\/home-office-for-cross-border-commuters\/","url":"https:\/\/www.b-quadrat.at\/en\/cross-border-commuter\/home-office-for-cross-border-commuters\/","name":"Home office for cross-border commuters in Switzerland \/ Liechtenstein","isPartOf":{"@id":"https:\/\/www.b-quadrat.at\/en\/#website"},"datePublished":"2022-07-06T11:54:56+00:00","dateModified":"2025-05-26T12:08:46+00:00","description":"Home office for cross-border commuters from Austria to Switzerland \/ Liechtenstein. Finally there is clarity and what about withholding tax.","breadcrumb":{"@id":"https:\/\/www.b-quadrat.at\/en\/cross-border-commuter\/home-office-for-cross-border-commuters\/#breadcrumb"},"inLanguage":"en-US","potentialAction":[{"@type":"ReadAction","target":["https:\/\/www.b-quadrat.at\/en\/cross-border-commuter\/home-office-for-cross-border-commuters\/"]}]},{"@type":"BreadcrumbList","@id":"https:\/\/www.b-quadrat.at\/en\/cross-border-commuter\/home-office-for-cross-border-commuters\/#breadcrumb","itemListElement":[{"@type":"ListItem","position":1,"name":"Startseite","item":"https:\/\/www.b-quadrat.at\/en\/"},{"@type":"ListItem","position":2,"name":"Cross-border commuter","item":"https:\/\/www.b-quadrat.at\/en\/cross-border-commuter\/"},{"@type":"ListItem","position":3,"name":"Home office for cross-border commuters"}]},{"@type":"WebSite","@id":"https:\/\/www.b-quadrat.at\/en\/#website","url":"https:\/\/www.b-quadrat.at\/en\/","name":"B-Quadrat | Versicherungsmakler. Grenzg\u00e4ngerexperte. Kreditmakler.","description":"","publisher":{"@id":"https:\/\/www.b-quadrat.at\/en\/#organization"},"potentialAction":[{"@type":"SearchAction","target":{"@type":"EntryPoint","urlTemplate":"https:\/\/www.b-quadrat.at\/en\/?s={search_term_string}"},"query-input":{"@type":"PropertyValueSpecification","valueRequired":true,"valueName":"search_term_string"}}],"inLanguage":"en-US"},{"@type":"Organization","@id":"https:\/\/www.b-quadrat.at\/en\/#organization","name":"B-Quadrat Finanzberatungs GmbH","alternateName":"B-Quadrat","url":"https:\/\/www.b-quadrat.at\/en\/","logo":{"@type":"ImageObject","inLanguage":"en-US","@id":"https:\/\/www.b-quadrat.at\/en\/#\/schema\/logo\/image\/","url":"https:\/\/www.b-quadrat.at\/wp-content\/uploads\/2025\/03\/icon-for-web.gif","contentUrl":"https:\/\/www.b-quadrat.at\/wp-content\/uploads\/2025\/03\/icon-for-web.gif","width":335,"height":290,"caption":"B-Quadrat Finanzberatungs GmbH"},"image":{"@id":"https:\/\/www.b-quadrat.at\/en\/#\/schema\/logo\/image\/"},"sameAs":["https:\/\/www.facebook.com\/BQuadratFinanzberatung\/","https:\/\/x.com\/BQuadrat_at","https:\/\/www.instagram.com\/b.quadrat\/","https:\/\/www.linkedin.com\/company\/b-quadrat-finanzberatungs-gmbh\/","https:\/\/www.youtube.com\/channel\/UCyfvyeJjEdcdrdWnKasc2Cg?view_as=subscriber"],"description":"Wir sind der UNABH\u00c4NGIGE Experte f\u00fcr alle Privatkunden, insbesondere f\u00fcr alle Grenzg\u00e4nger sowie f\u00fcr alle Klein- und Mittelbetriebe in Vorarlberg. Im Vergleich zu Einzelfirmenvertretern und Bankberatern, die lediglich ihre hauseigenen Produkte verkaufen d\u00fcrfen, haben wir durch unsere Unabh\u00e4ngigkeit Zugriff auf mehr als 80 Versicherungs- und Finanzanbieter. Wir verstehen uns als Partner in immer komplexer werdenden M\u00e4rkten und geben Ihnen Orientierung im Angebotsdschungel der Versicherungen, Banken und Bausparkassen. Speziell f\u00fcr Grenzg\u00e4nger: Seit 2003 erhalten Grenzg\u00e4nger von uns eine kostenlose Auskunft und Beratung zu s\u00e4mtlichen Themen die Grenzg\u00e4nger besch\u00e4ftigen, wie z.B. die Krankenversicherung f\u00fcr Grenzg\u00e4nger, die Auswahl des passenden Bankkontos, dann helfen wir mit einer Nettolohnberechnung, der Anmeldung beim \u00f6sterreichischen Finanzamt, praktischen Steuertipps und vielen Dingen mehr. Wir arbeiten mit allen \u00f6sterreichischen Anbieter zusammen und sind in Vorarlberg der f\u00fchrende unabh\u00e4ngige Versicherungsmakler und Berater f\u00fcr Grenzg\u00e4nger. F\u00fcr unsere Dienstleistung (unabh\u00e4ngige Grenzg\u00e4ngerberatung \/ unabh\u00e4ngige Grenzg\u00e4ngerauskunft) entstehen Ihnen keinerlei Kosten, da wir aufgrund der Unterst\u00fctzung unserer Partner in der Lage sind eine kostenlose Beratung anzubieten. Sie finden uns in Dornbirn, dem Herzen von Vorarlberg, welches von \u00fcberall aus Vorarlberg, aber auch aus der Schweiz, dem Liechtenstein und aus Deutschland sehr gut zu erreichen ist. Vereinbaren Sie einen Termin, schreiben Sie uns eine E-Mail oder rufen Sie uns an und profitieren Sie von unserer Kompetenz in Versicherungs- und Grenzg\u00e4ngerangelegenheiten. Wir freuen uns auf Sie und Ihre Fragen! Unabh\u00e4ngig, kompetent und engagiert! Herzlichst Ihr Martin H\u00e4usler","email":"office@b-quadrat.at","telephone":"+43 5572 398770","legalName":"B-Quadrat Finanzberatungs GmbH","foundingDate":"2003-01-01","numberOfEmployees":{"@type":"QuantitativeValue","minValue":"1","maxValue":"10"}}]}},"_links":{"self":[{"href":"https:\/\/www.b-quadrat.at\/en\/wp-json\/wp\/v2\/pages\/9197","targetHints":{"allow":["GET"]}}],"collection":[{"href":"https:\/\/www.b-quadrat.at\/en\/wp-json\/wp\/v2\/pages"}],"about":[{"href":"https:\/\/www.b-quadrat.at\/en\/wp-json\/wp\/v2\/types\/page"}],"author":[{"embeddable":true,"href":"https:\/\/www.b-quadrat.at\/en\/wp-json\/wp\/v2\/users\/2"}],"replies":[{"embeddable":true,"href":"https:\/\/www.b-quadrat.at\/en\/wp-json\/wp\/v2\/comments?post=9197"}],"version-history":[{"count":4,"href":"https:\/\/www.b-quadrat.at\/en\/wp-json\/wp\/v2\/pages\/9197\/revisions"}],"predecessor-version":[{"id":9201,"href":"https:\/\/www.b-quadrat.at\/en\/wp-json\/wp\/v2\/pages\/9197\/revisions\/9201"}],"up":[{"embeddable":true,"href":"https:\/\/www.b-quadrat.at\/en\/wp-json\/wp\/v2\/pages\/9255"}],"wp:attachment":[{"href":"https:\/\/www.b-quadrat.at\/en\/wp-json\/wp\/v2\/media?parent=9197"}],"curies":[{"name":"wp","href":"https:\/\/api.w.org\/{rel}","templated":true}]}}